{"id":22133,"date":"2022-03-30T11:39:51","date_gmt":"2022-03-30T09:39:51","guid":{"rendered":"https:\/\/focuse.uwr.edu.pl\/?page_id=22133"},"modified":"2024-05-28T11:06:25","modified_gmt":"2024-05-28T09:06:25","slug":"mapa-strony","status":"publish","type":"page","link":"https:\/\/focuse.uwr.edu.pl\/pl\/mapa-strony\/","title":{"rendered":"Mapa Strony"},"content":{"rendered":"\n<div class=\"wp-block-ugb-container ugb-container blok_nowa_podstrona ugb-8dda971 ugb-container--v2 ugb-container--design-plain ugb-main-block\"><div class=\"ugb-inner-block\"><div class=\"ugb-block-content\"><div class=\"ugb-container__wrapper ugb-8dda971-wrapper\"><div class=\"ugb-container__side\"><div class=\"ugb-container__content-wrapper ugb-8dda971-content-wrapper\">\n<div class=\"wp-block-columns bs-news-page is-layout-flex wp-block-columns-is-layout-flex\">\n<div class=\"wp-block-column bs-kontakt-photo is-layout-flow wp-block-column-is-layout-flow\">\n<figure class=\"wp-block-image size-full\"><img loading=\"lazy\" decoding=\"async\" width=\"1920\" height=\"1080\" src=\"https:\/\/focuse.uwr.edu.pl\/wp-content\/uploads\/sites\/628\/2024\/05\/roadmap.png\" alt=\"mapa\" class=\"wp-image-24010\" srcset=\"https:\/\/focuse.uwr.edu.pl\/wp-content\/uploads\/sites\/628\/2024\/05\/roadmap.png 1920w, https:\/\/focuse.uwr.edu.pl\/wp-content\/uploads\/sites\/628\/2024\/05\/roadmap-300x169.png 300w, https:\/\/focuse.uwr.edu.pl\/wp-content\/uploads\/sites\/628\/2024\/05\/roadmap-1024x576.png 1024w, https:\/\/focuse.uwr.edu.pl\/wp-content\/uploads\/sites\/628\/2024\/05\/roadmap-768x432.png 768w, https:\/\/focuse.uwr.edu.pl\/wp-content\/uploads\/sites\/628\/2024\/05\/roadmap-1536x864.png 1536w, https:\/\/focuse.uwr.edu.pl\/wp-content\/uploads\/sites\/628\/2024\/05\/roadmap-1320x743.png 1320w, https:\/\/focuse.uwr.edu.pl\/wp-content\/uploads\/sites\/628\/2024\/05\/roadmap-24x14.png 24w, https:\/\/focuse.uwr.edu.pl\/wp-content\/uploads\/sites\/628\/2024\/05\/roadmap-36x20.png 36w, https:\/\/focuse.uwr.edu.pl\/wp-content\/uploads\/sites\/628\/2024\/05\/roadmap-48x27.png 48w\" sizes=\"auto, (max-width: 1920px) 100vw, 1920px\" \/><\/figure>\n<\/div>\n\n\n\n<div class=\"wp-block-column bs-contact-right-column is-layout-flow wp-block-column-is-layout-flow\">\n<div class=\"wp-block-bonasoft-modular-breadcrumbs-block\"><div class=\"bs_add_breadcrumb_trail\"><\/div><\/div>\n\n\n\n<hr class=\"wp-block-separator has-text-color has-black-color has-css-opacity has-black-background-color has-background is-style-wide bs-border-kontakt\"\/>\n\n\n<h1 style=\"font-style:normal;font-weight:700;\" class=\"bs-naglowek-podstrony wp-block-post-title\">Mapa Strony<\/h1>\n\n<ul class=\"wp-block-page-list\"><li class=\"wp-block-pages-list__item has-child\"><a class=\"wp-block-pages-list__item__link\" href=\"https:\/\/focuse.uwr.edu.pl\/pl\/artykulyy\/\">Artyku\u0142y<\/a><ul class=\"wp-block-navigation__submenu-container\"><li class=\"wp-block-pages-list__item \"><a class=\"wp-block-pages-list__item__link\" href=\"https:\/\/focuse.uwr.edu.pl\/pl\/artykulyy\/dane-i-informacje-do-miejskich-badan-morfologicznych\/\">Dane i informacje do miejskich badan\u0301 morfologicznych<\/a><\/li><li class=\"wp-block-pages-list__item \"><a class=\"wp-block-pages-list__item__link\" href=\"https:\/\/focuse.uwr.edu.pl\/pl\/artykulyy\/input-output-systemu-zywnosciowego-w-miescie\/\">Input-output systemu z\u0307ywnos\u0301ciowego w mies\u0301cie<\/a><\/li><li class=\"wp-block-pages-list__item \"><a class=\"wp-block-pages-list__item__link\" href=\"https:\/\/focuse.uwr.edu.pl\/pl\/artykulyy\/multifunctional-vertical-farming-systems-as-a-basis-for-transforming-urban-food-systems-amid-climate-change\/\">Multifunctional Vertical Farming Systems as a Basis for Transforming Urban Food Systems Amid Climate Change<\/a><\/li><li class=\"wp-block-pages-list__item \"><a class=\"wp-block-pages-list__item__link\" href=\"https:\/\/focuse.uwr.edu.pl\/pl\/artykulyy\/plan-dzialania-na-rzecz-synergii-rolnictwa-miejskiego-z-miastem\/\">Plan dzia\u0142ania na rzecz synergii rolnictwa miejskiego z miastem<\/a><\/li><li class=\"wp-block-pages-list__item \"><a class=\"wp-block-pages-list__item__link\" href=\"https:\/\/focuse.uwr.edu.pl\/pl\/artykulyy\/underground-food-farms-as-a-climate-friendly-alternative-form-of-urban-agriculture\/\">Underground Food Farms as a Climate-Friendly Alternative Form of Urban Agriculture<\/a><\/li><li class=\"wp-block-pages-list__item \"><a class=\"wp-block-pages-list__item__link\" href=\"https:\/\/focuse.uwr.edu.pl\/pl\/artykulyy\/urban-harvesting-building-resilience-through-circular-agriculture\/\">Urban Harvesting: Building Resilience Through Circular Agriculture<\/a><\/li><li class=\"wp-block-pages-list__item \"><a class=\"wp-block-pages-list__item__link\" href=\"https:\/\/focuse.uwr.edu.pl\/pl\/artykulyy\/raport-z-badan-ankietowych-ankieta-1\/\">Raport z bada\u0144 ankietowych &#8211; Ankieta 1<\/a><\/li><li class=\"wp-block-pages-list__item \"><a class=\"wp-block-pages-list__item__link\" href=\"https:\/\/focuse.uwr.edu.pl\/pl\/artykulyy\/raport-z-badan-ankietowych-ankieta-2\/\">Raport z bada\u0144 ankietowych &#8211; Ankieta 2<\/a><\/li><li class=\"wp-block-pages-list__item \"><a class=\"wp-block-pages-list__item__link\" href=\"https:\/\/focuse.uwr.edu.pl\/pl\/artykulyy\/raport-z-edukacyjnych-warsztatow-partycypacyjnych\/\">Raport z edukacyjnych warsztat\u00f3w partycypacyjnych<\/a><\/li><li class=\"wp-block-pages-list__item \"><a class=\"wp-block-pages-list__item__link\" href=\"https:\/\/focuse.uwr.edu.pl\/pl\/artykulyy\/raport-z-wywiadow-z-mieszkancami\/\">Raport z wywiad\u00f3w z mieszka\u0144cami<\/a><\/li><li class=\"wp-block-pages-list__item \"><a class=\"wp-block-pages-list__item__link\" href=\"https:\/\/focuse.uwr.edu.pl\/pl\/artykulyy\/the-green-city-morphology-urban-form-food-production-and-nutrient-circularity\/\">The green city morphology \u2013 Urban form, food production and nutrient circularity<\/a><\/li><\/ul><\/li><li class=\"wp-block-pages-list__item\"><a class=\"wp-block-pages-list__item__link\" href=\"https:\/\/focuse.uwr.edu.pl\/pl\/deklaracja-dostepnosci-2\/\">Deklaracja dost\u0119pno\u015bci<\/a><\/li><li class=\"wp-block-pages-list__item\"><a class=\"wp-block-pages-list__item__link\" href=\"https:\/\/focuse.uwr.edu.pl\/pl\/informacje-newslettery-konferencje\/\">Informacje, newslettery, konferencje<\/a><\/li><li class=\"wp-block-pages-list__item\"><a class=\"wp-block-pages-list__item__link\" href=\"https:\/\/focuse.uwr.edu.pl\/pl\/kontakt\/\">Kontakt<\/a><\/li><li class=\"wp-block-pages-list__item\"><a class=\"wp-block-pages-list__item__link\" href=\"https:\/\/focuse.uwr.edu.pl\/pl\/mapa-strony\/\">Mapa Strony<\/a><\/li><li class=\"wp-block-pages-list__item\"><a class=\"wp-block-pages-list__item__link\" href=\"https:\/\/focuse.uwr.edu.pl\/pl\/partnerzy\/\">Partnerzy<\/a><\/li><li class=\"wp-block-pages-list__item\"><a class=\"wp-block-pages-list__item__link\" href=\"https:\/\/focuse.uwr.edu.pl\/pl\/polski-zespol\/\">Polski zesp\u00f3\u0142<\/a><\/li><li class=\"wp-block-pages-list__item has-child\"><a class=\"wp-block-pages-list__item__link\" href=\"https:\/\/focuse.uwr.edu.pl\/pl\/projekt\/\">Projekt<\/a><ul class=\"wp-block-navigation__submenu-container\"><li class=\"wp-block-pages-list__item \"><a class=\"wp-block-pages-list__item__link\" href=\"https:\/\/focuse.uwr.edu.pl\/pl\/projekt\/cele-badan\/\">Cele bada\u0144<\/a><\/li><li class=\"wp-block-pages-list__item \"><a class=\"wp-block-pages-list__item__link\" href=\"https:\/\/focuse.uwr.edu.pl\/pl\/projekt\/zadania\/\">Zadania<\/a><\/li><\/ul><\/li><li class=\"wp-block-pages-list__item menu-item-home\"><a class=\"wp-block-pages-list__item__link\" href=\"https:\/\/focuse.uwr.edu.pl\/pl\/\">Strona G\u0142\u00f3wna<\/a><\/li><\/ul><\/div>\n<\/div>\n\n\n\n<div class=\"wp-block-ugb-container ugb-container bs-news-page-under ugb-f8694ce ugb-container--v2 ugb-container--design-plain ugb-main-block\"><div class=\"ugb-inner-block\"><div class=\"ugb-block-content\"><div class=\"ugb-container__wrapper ugb-f8694ce-wrapper\"><div class=\"ugb-container__side\"><div class=\"ugb-container__content-wrapper ugb-f8694ce-content-wrapper\">\n<p><\/p>\n<\/div><\/div><\/div><\/div><\/div><\/div>\n<\/div><\/div><\/div><\/div><\/div><\/div>\n","protected":false},"excerpt":{"rendered":"","protected":false},"author":20,"featured_media":0,"parent":0,"menu_order":0,"comment_status":"closed","ping_status":"closed","template":"","meta":{"_acf_changed":false,"inline_featured_image":false,"site-sidebar-layout":"default","site-content-layout":"","ast-site-content-layout":"default","site-content-style":"default","site-sidebar-style":"default","ast-global-header-display":"","ast-banner-title-visibility":"","ast-main-header-display":"","ast-hfb-above-header-display":"","ast-hfb-below-header-display":"","ast-hfb-mobile-header-display":"","site-post-title":"","ast-breadcrumbs-content":"","ast-featured-img":"","footer-sml-layout":"","ast-disable-related-posts":"","theme-transparent-header-meta":"","adv-header-id-meta":"","stick-header-meta":"","header-above-stick-meta":"","header-main-stick-meta":"","header-below-stick-meta":"","astra-migrate-meta-layouts":"set","ast-page-background-enabled":"default","ast-page-background-meta":{"desktop":{"background-color":"","background-image":"","background-repeat":"repeat","background-position":"center center","background-size":"auto","background-attachment":"scroll","background-type":"","background-media":"","overlay-type":"","overlay-color":"","overlay-opacity":"","overlay-gradient":""},"tablet":{"background-color":"","background-image":"","background-repeat":"repeat","background-position":"center center","background-size":"auto","background-attachment":"scroll","background-type":"","background-media":"","overlay-type":"","overlay-color":"","overlay-opacity":"","overlay-gradient":""},"mobile":{"background-color":"","background-image":"","background-repeat":"repeat","background-position":"center center","background-size":"auto","background-attachment":"scroll","background-type":"","background-media":"","overlay-type":"","overlay-color":"","overlay-opacity":"","overlay-gradient":""}},"ast-content-background-meta":{"desktop":{"background-color":"var(--ast-global-color-5)","background-image":"","background-repeat":"repeat","background-position":"center center","background-size":"auto","background-attachment":"scroll","background-type":"","background-media":"","overlay-type":"","overlay-color":"","overlay-opacity":"","overlay-gradient":""},"tablet":{"background-color":"var(--ast-global-color-5)","background-image":"","background-repeat":"repeat","background-position":"center center","background-size":"auto","background-attachment":"scroll","background-type":"","background-media":"","overlay-type":"","overlay-color":"","overlay-opacity":"","overlay-gradient":""},"mobile":{"background-color":"var(--ast-global-color-5)","background-image":"","background-repeat":"repeat","background-position":"center center","background-size":"auto","background-attachment":"scroll","background-type":"","background-media":"","overlay-type":"","overlay-color":"","overlay-opacity":"","overlay-gradient":""}},"footnotes":""},"categories":[],"tags":[],"class_list":["post-22133","page","type-page","status-publish","hentry"],"featured_image_urls_v2":{"full":"","thumbnail":"","medium":"","medium_large":"","large":"","1536x1536":"","2048x2048":"","menu-24x24":"","menu-36x36":"","menu-48x48":""},"post_excerpt_stackable_v2":"<p>Mapa Strony Artyku\u0142yDane i informacje do miejskich badan\u0301 morfologicznychInput-output systemu z\u0307ywnos\u0301ciowego w mies\u0301cieMultifunctional Vertical Farming Systems as a Basis for Transforming Urban Food Systems Amid Climate ChangePlan dzia\u0142ania na rzecz synergii rolnictwa miejskiego z miastemUnderground Food Farms as a Climate-Friendly Alternative Form of Urban AgricultureUrban Harvesting: Building Resilience Through Circular AgricultureRaport z bada\u0144 ankietowych &#8211; Ankieta 1Raport z bada\u0144 ankietowych &#8211; Ankieta 2Raport z edukacyjnych warsztat\u00f3w partycypacyjnychRaport z wywiad\u00f3w z mieszka\u0144camiThe green city morphology \u2013 Urban form, food production and nutrient circularityDeklaracja dost\u0119pno\u015bciInformacje, newslettery, konferencjeKontaktMapa StronyPartnerzyPolski zesp\u00f3\u0142ProjektCele bada\u0144ZadaniaStrona G\u0142\u00f3wna<\/p>\n","category_list_v2":"Bez kategorii","author_info_v2":{"name":"mmatlinski","url":"https:\/\/focuse.uwr.edu.pl\/pl\/author\/mmatlinski\/"},"comments_num_v2":"0 comments","acf":[],"yoast_head":"<!-- This site is optimized with the Yoast SEO plugin v27.1.1 - https:\/\/yoast.com\/product\/yoast-seo-wordpress\/ -->\n<title>Mapa Strony - FOCUSE<\/title>\n<meta name=\"robots\" content=\"index, follow, max-snippet:-1, max-image-preview:large, max-video-preview:-1\" \/>\n<link rel=\"canonical\" href=\"https:\/\/focuse.uwr.edu.pl\/mapa-strony\/\" \/>\n<meta property=\"og:locale\" content=\"pl_PL\" \/>\n<meta property=\"og:type\" content=\"article\" \/>\n<meta property=\"og:title\" content=\"Mapa Strony - FOCUSE\" \/>\n<meta property=\"og:url\" content=\"https:\/\/focuse.uwr.edu.pl\/mapa-strony\/\" \/>\n<meta property=\"og:site_name\" content=\"FOCUSE\" \/>\n<meta property=\"article:modified_time\" content=\"2024-05-28T09:06:25+00:00\" \/>\n<meta property=\"og:image\" content=\"https:\/\/focuse.uwr.edu.pl\/wp-content\/uploads\/sites\/628\/2024\/05\/roadmap-1024x576.png\" \/>\n\t<meta property=\"og:image:width\" content=\"1024\" \/>\n\t<meta property=\"og:image:height\" content=\"576\" \/>\n\t<meta property=\"og:image:type\" content=\"image\/png\" \/>\n<meta name=\"twitter:card\" content=\"summary_large_image\" \/>\n<meta name=\"twitter:label1\" content=\"Szacowany czas czytania\" \/>\n\t<meta name=\"twitter:data1\" content=\"1 minuta\" \/>\n<script type=\"application\/ld+json\" class=\"yoast-schema-graph\">{\"@context\":\"https:\/\/schema.org\",\"@graph\":[{\"@type\":\"WebPage\",\"@id\":\"https:\/\/focuse.uwr.edu.pl\/mapa-strony\/\",\"url\":\"https:\/\/focuse.uwr.edu.pl\/mapa-strony\/\",\"name\":\"Mapa Strony - FOCUSE\",\"isPartOf\":{\"@id\":\"https:\/\/focuse.uwr.edu.pl\/#website\"},\"primaryImageOfPage\":{\"@id\":\"https:\/\/focuse.uwr.edu.pl\/mapa-strony\/#primaryimage\"},\"image\":{\"@id\":\"https:\/\/focuse.uwr.edu.pl\/mapa-strony\/#primaryimage\"},\"thumbnailUrl\":\"https:\/\/focuse.uwr.edu.pl\/wp-content\/uploads\/sites\/628\/2024\/05\/roadmap.png\",\"datePublished\":\"2022-03-30T09:39:51+00:00\",\"dateModified\":\"2024-05-28T09:06:25+00:00\",\"breadcrumb\":{\"@id\":\"https:\/\/focuse.uwr.edu.pl\/mapa-strony\/#breadcrumb\"},\"inLanguage\":\"pl-PL\",\"potentialAction\":[{\"@type\":\"ReadAction\",\"target\":[\"https:\/\/focuse.uwr.edu.pl\/mapa-strony\/\"]}]},{\"@type\":\"ImageObject\",\"inLanguage\":\"pl-PL\",\"@id\":\"https:\/\/focuse.uwr.edu.pl\/mapa-strony\/#primaryimage\",\"url\":\"https:\/\/focuse.uwr.edu.pl\/wp-content\/uploads\/sites\/628\/2024\/05\/roadmap.png\",\"contentUrl\":\"https:\/\/focuse.uwr.edu.pl\/wp-content\/uploads\/sites\/628\/2024\/05\/roadmap.png\"},{\"@type\":\"BreadcrumbList\",\"@id\":\"https:\/\/focuse.uwr.edu.pl\/mapa-strony\/#breadcrumb\",\"itemListElement\":[{\"@type\":\"ListItem\",\"position\":1,\"name\":\"Strona g\u0142\u00f3wna\",\"item\":\"https:\/\/focuse.uwr.edu.pl\/pl\/\"},{\"@type\":\"ListItem\",\"position\":2,\"name\":\"Mapa Strony\"}]},{\"@type\":\"WebSite\",\"@id\":\"https:\/\/focuse.uwr.edu.pl\/#website\",\"url\":\"https:\/\/focuse.uwr.edu.pl\/\",\"name\":\"FOCUSE\",\"description\":\"Kolejna witryna sieci \u201eUWR Witryny\u201d\",\"publisher\":{\"@id\":\"https:\/\/focuse.uwr.edu.pl\/#organization\"},\"potentialAction\":[{\"@type\":\"SearchAction\",\"target\":{\"@type\":\"EntryPoint\",\"urlTemplate\":\"https:\/\/focuse.uwr.edu.pl\/?s={search_term_string}\"},\"query-input\":{\"@type\":\"PropertyValueSpecification\",\"valueRequired\":true,\"valueName\":\"search_term_string\"}}],\"inLanguage\":\"pl-PL\"},{\"@type\":\"Organization\",\"@id\":\"https:\/\/focuse.uwr.edu.pl\/#organization\",\"name\":\"FOCUSE\",\"url\":\"https:\/\/focuse.uwr.edu.pl\/\",\"logo\":{\"@type\":\"ImageObject\",\"inLanguage\":\"pl-PL\",\"@id\":\"https:\/\/focuse.uwr.edu.pl\/#\/schema\/logo\/image\/\",\"url\":\"https:\/\/focuse.uwr.edu.pl\/wp-content\/uploads\/sites\/628\/2025\/10\/Najnowsze-logo.webp\",\"contentUrl\":\"https:\/\/focuse.uwr.edu.pl\/wp-content\/uploads\/sites\/628\/2025\/10\/Najnowsze-logo.webp\",\"width\":919,\"height\":80,\"caption\":\"FOCUSE\"},\"image\":{\"@id\":\"https:\/\/focuse.uwr.edu.pl\/#\/schema\/logo\/image\/\"}}]}<\/script>\n<!-- \/ Yoast SEO plugin. -->","yoast_head_json":{"title":"Mapa Strony - FOCUSE","robots":{"index":"index","follow":"follow","max-snippet":"max-snippet:-1","max-image-preview":"max-image-preview:large","max-video-preview":"max-video-preview:-1"},"canonical":"https:\/\/focuse.uwr.edu.pl\/mapa-strony\/","og_locale":"pl_PL","og_type":"article","og_title":"Mapa Strony - FOCUSE","og_url":"https:\/\/focuse.uwr.edu.pl\/mapa-strony\/","og_site_name":"FOCUSE","article_modified_time":"2024-05-28T09:06:25+00:00","og_image":[{"width":1024,"height":576,"url":"https:\/\/focuse.uwr.edu.pl\/wp-content\/uploads\/sites\/628\/2024\/05\/roadmap-1024x576.png","type":"image\/png"}],"twitter_card":"summary_large_image","twitter_misc":{"Szacowany czas czytania":"1 minuta"},"schema":{"@context":"https:\/\/schema.org","@graph":[{"@type":"WebPage","@id":"https:\/\/focuse.uwr.edu.pl\/mapa-strony\/","url":"https:\/\/focuse.uwr.edu.pl\/mapa-strony\/","name":"Mapa Strony - FOCUSE","isPartOf":{"@id":"https:\/\/focuse.uwr.edu.pl\/#website"},"primaryImageOfPage":{"@id":"https:\/\/focuse.uwr.edu.pl\/mapa-strony\/#primaryimage"},"image":{"@id":"https:\/\/focuse.uwr.edu.pl\/mapa-strony\/#primaryimage"},"thumbnailUrl":"https:\/\/focuse.uwr.edu.pl\/wp-content\/uploads\/sites\/628\/2024\/05\/roadmap.png","datePublished":"2022-03-30T09:39:51+00:00","dateModified":"2024-05-28T09:06:25+00:00","breadcrumb":{"@id":"https:\/\/focuse.uwr.edu.pl\/mapa-strony\/#breadcrumb"},"inLanguage":"pl-PL","potentialAction":[{"@type":"ReadAction","target":["https:\/\/focuse.uwr.edu.pl\/mapa-strony\/"]}]},{"@type":"ImageObject","inLanguage":"pl-PL","@id":"https:\/\/focuse.uwr.edu.pl\/mapa-strony\/#primaryimage","url":"https:\/\/focuse.uwr.edu.pl\/wp-content\/uploads\/sites\/628\/2024\/05\/roadmap.png","contentUrl":"https:\/\/focuse.uwr.edu.pl\/wp-content\/uploads\/sites\/628\/2024\/05\/roadmap.png"},{"@type":"BreadcrumbList","@id":"https:\/\/focuse.uwr.edu.pl\/mapa-strony\/#breadcrumb","itemListElement":[{"@type":"ListItem","position":1,"name":"Strona g\u0142\u00f3wna","item":"https:\/\/focuse.uwr.edu.pl\/pl\/"},{"@type":"ListItem","position":2,"name":"Mapa Strony"}]},{"@type":"WebSite","@id":"https:\/\/focuse.uwr.edu.pl\/#website","url":"https:\/\/focuse.uwr.edu.pl\/","name":"FOCUSE","description":"Kolejna witryna sieci \u201eUWR Witryny\u201d","publisher":{"@id":"https:\/\/focuse.uwr.edu.pl\/#organization"},"potentialAction":[{"@type":"SearchAction","target":{"@type":"EntryPoint","urlTemplate":"https:\/\/focuse.uwr.edu.pl\/?s={search_term_string}"},"query-input":{"@type":"PropertyValueSpecification","valueRequired":true,"valueName":"search_term_string"}}],"inLanguage":"pl-PL"},{"@type":"Organization","@id":"https:\/\/focuse.uwr.edu.pl\/#organization","name":"FOCUSE","url":"https:\/\/focuse.uwr.edu.pl\/","logo":{"@type":"ImageObject","inLanguage":"pl-PL","@id":"https:\/\/focuse.uwr.edu.pl\/#\/schema\/logo\/image\/","url":"https:\/\/focuse.uwr.edu.pl\/wp-content\/uploads\/sites\/628\/2025\/10\/Najnowsze-logo.webp","contentUrl":"https:\/\/focuse.uwr.edu.pl\/wp-content\/uploads\/sites\/628\/2025\/10\/Najnowsze-logo.webp","width":919,"height":80,"caption":"FOCUSE"},"image":{"@id":"https:\/\/focuse.uwr.edu.pl\/#\/schema\/logo\/image\/"}}]}},"publishpress_future_action":{"enabled":false,"date":"2026-04-12 13:57:10","action":"change-status","newStatus":"draft","terms":[],"taxonomy":"category","extraData":[]},"publishpress_future_workflow_manual_trigger":{"enabledWorkflows":[]},"_links":{"self":[{"href":"https:\/\/focuse.uwr.edu.pl\/pl\/wp-json\/wp\/v2\/pages\/22133\/"}],"collection":[{"href":"https:\/\/focuse.uwr.edu.pl\/pl\/wp-json\/wp\/v2\/pages\/"}],"about":[{"href":"https:\/\/focuse.uwr.edu.pl\/pl\/wp-json\/wp\/v2\/types\/page\/"}],"author":[{"embeddable":true,"href":"https:\/\/focuse.uwr.edu.pl\/pl\/wp-json\/wp\/v2\/users\/20\/"}],"replies":[{"embeddable":true,"href":"https:\/\/focuse.uwr.edu.pl\/pl\/wp-json\/wp\/v2\/comments\/?post=22133"}],"version-history":[{"count":2,"href":"https:\/\/focuse.uwr.edu.pl\/pl\/wp-json\/wp\/v2\/pages\/22133\/revisions\/"}],"predecessor-version":[{"id":24019,"href":"https:\/\/focuse.uwr.edu.pl\/pl\/wp-json\/wp\/v2\/pages\/22133\/revisions\/24019\/"}],"wp:attachment":[{"href":"https:\/\/focuse.uwr.edu.pl\/pl\/wp-json\/wp\/v2\/media\/?parent=22133"}],"wp:term":[{"taxonomy":"category","embeddable":true,"href":"https:\/\/focuse.uwr.edu.pl\/pl\/wp-json\/wp\/v2\/categories\/?post=22133"},{"taxonomy":"post_tag","embeddable":true,"href":"https:\/\/focuse.uwr.edu.pl\/pl\/wp-json\/wp\/v2\/tags\/?post=22133"}],"curies":[{"name":"wp","href":"https:\/\/api.w.org\/{rel}","templated":true}]}}