{"id":24413,"date":"2024-11-07T09:56:15","date_gmt":"2024-11-07T08:56:15","guid":{"rendered":"https:\/\/focuse.uwr.edu.pl\/?page_id=24413"},"modified":"2024-11-07T10:50:41","modified_gmt":"2024-11-07T09:50:41","slug":"cele-badan","status":"publish","type":"page","link":"https:\/\/focuse.uwr.edu.pl\/pl\/projekt\/cele-badan\/","title":{"rendered":"Cele bada\u0144"},"content":{"rendered":"\n<div class=\"alignfull wp-block-ugb-container ugb-container bs-konferencje-akordeony ugb-12c4a27 ugb-container--v2 ugb-container--design-plain ugb-main-block\"><style>@media screen and (min-width:768px){.ugb-12c4a27.ugb-container{margin-bottom:0px !important;padding-right:0px !important;padding-bottom:50px !important;padding-left:0px !important}}@media screen and (min-width:768px){.ugb-12c4a27 > .ugb-inner-block > .ugb-block-content > *{padding-top:0px !important;padding-bottom:0px !important;padding-right:0px !important;padding-left:0px !important}}<\/style><div class=\"ugb-inner-block\"><div class=\"ugb-block-content\"><div class=\"ugb-container__wrapper ugb-12c4a27-wrapper\"><div class=\"ugb-container__side\"><div class=\"ugb-container__content-wrapper ugb-12c4a27-content-wrapper\">\n<div class=\"wp-block-media-text alignwide is-stacked-on-mobile is-vertically-aligned-top is-image-fill bs-naglowek-szablonu-kolumny\"><figure class=\"wp-block-media-text__media\" style=\"background-image:url(https:\/\/focuse.uwr.edu.pl\/wp-content\/uploads\/sites\/628\/2024\/11\/IMG-20240420-WA0005-kopia-1024x768.jpg);background-position:50% 50%\"><img loading=\"lazy\" decoding=\"async\" width=\"1024\" height=\"768\" src=\"https:\/\/focuse.uwr.edu.pl\/wp-content\/uploads\/sites\/628\/2024\/11\/IMG-20240420-WA0005-kopia-1024x768.jpg\" alt=\"Badania\" class=\"wp-image-24302 size-full\" srcset=\"https:\/\/focuse.uwr.edu.pl\/wp-content\/uploads\/sites\/628\/2024\/11\/IMG-20240420-WA0005-kopia-1024x768.jpg 1024w, https:\/\/focuse.uwr.edu.pl\/wp-content\/uploads\/sites\/628\/2024\/11\/IMG-20240420-WA0005-kopia-300x225.jpg 300w, https:\/\/focuse.uwr.edu.pl\/wp-content\/uploads\/sites\/628\/2024\/11\/IMG-20240420-WA0005-kopia-768x576.jpg 768w, https:\/\/focuse.uwr.edu.pl\/wp-content\/uploads\/sites\/628\/2024\/11\/IMG-20240420-WA0005-kopia-1536x1152.jpg 1536w, https:\/\/focuse.uwr.edu.pl\/wp-content\/uploads\/sites\/628\/2024\/11\/IMG-20240420-WA0005-kopia-1320x990.jpg 1320w, https:\/\/focuse.uwr.edu.pl\/wp-content\/uploads\/sites\/628\/2024\/11\/IMG-20240420-WA0005-kopia-24x18.jpg 24w, https:\/\/focuse.uwr.edu.pl\/wp-content\/uploads\/sites\/628\/2024\/11\/IMG-20240420-WA0005-kopia-36x27.jpg 36w, https:\/\/focuse.uwr.edu.pl\/wp-content\/uploads\/sites\/628\/2024\/11\/IMG-20240420-WA0005-kopia-48x36.jpg 48w, https:\/\/focuse.uwr.edu.pl\/wp-content\/uploads\/sites\/628\/2024\/11\/IMG-20240420-WA0005-kopia.jpg 2048w\" sizes=\"auto, (max-width: 1024px) 100vw, 1024px\" \/><\/figure><div class=\"wp-block-media-text__content\">\n<div class=\"wp-block-bonasoft-modular-breadcrumbs-block\"><div class=\"bs_add_breadcrumb_trail\"><\/div><\/div>\n\n\n\n<hr class=\"wp-block-separator has-text-color has-black-color has-css-opacity has-black-background-color has-background is-style-wide bs-border-kontakt\"\/>\n\n\n<h1 style=\"font-style:normal;font-weight:700;\" class=\"bs-naglowek-podstrony wp-block-post-title\">Cele bada\u0144<\/h1>\n\n\n<div style=\"height:50px\" aria-hidden=\"true\" class=\"wp-block-spacer\"><\/div>\n\n\n\n<p>Celem prowadzonych prac badawczo-rozwojowych jest znalezienie wielowymiarowych, optymalnych i utylitarnych modeli strategicznych i scenariuszy dla miejskich system\u00f3w \u017cywno\u015bciowych o obiegu zamkni\u0119tym w celu dostosowania si\u0119 do zmian klimatu i zak\u0142\u00f3ce\u0144 w dostawach \u017cywno\u015bci na przyk\u0142adach miast z r\u00f3\u017cnych stref klimatycznych: Sztokholm, Skellefte\u00e5 \/ Szwecja, Wroc\u0142aw \/ Polska , Bolonia \/ W\u0142ochy ) i Barcelona \/ Hiszpania w r\u00f3\u017cnych skalach planowania przestrzennego (planowanie regionalne i miejskie) i w r\u00f3\u017cnych kontekstach przestrzennych (miasto, dzielnica, blok miejski, dzia\u0142ka i budynek).<\/p>\n<\/div><\/div>\n\n\n\n<div class=\"wp-block-ugb-container ugb-container bs-strona-konferencje ugb-002ab8b ugb-container--v2 ugb-container--design-plain ugb-main-block\"><style>@media screen and (min-width:768px){.ugb-002ab8b.ugb-container{margin-bottom:0% !important;margin-right:6% !important;margin-left:6% !important}}@media screen and (min-width:768px){.ugb-002ab8b > .ugb-inner-block > .ugb-block-content > *{padding-top:0px !important;padding-bottom:0px !important;padding-right:0px !important;padding-left:0px !important}}<\/style><div class=\"ugb-inner-block\"><div class=\"ugb-block-content\"><div class=\"ugb-container__wrapper ugb-002ab8b-wrapper\"><div class=\"ugb-container__side\"><div class=\"ugb-container__content-wrapper ugb-002ab8b-content-wrapper\">\n<p>W Polsce obszar bada\u0144 obejmuje dzielnice mieszkaniowe: Muchob\u00f3r oraz Przedmie\u015bcie O\u0142awskie i Nadodrze, na kt\u00f3rych koncentruj\u0105 si\u0119 obecnie dzia\u0142ania rewitalizacyjne w\u0142adz miasta. Badania we Wroc\u0142awiu oparte na r\u00f3\u017cnych kontekstach wieloskalowych i przestrzennych pomog\u0105 zidentyfikowa\u0107 schemat dzia\u0142a\u0144 polegaj\u0105cych na wdra\u017caniu, ocenie i klasyfikacji funkcjonalnej rolnictwa miejskiego w obiegu zamkni\u0119tym z wykorzystaniem zr\u00f3wnowa\u017conych zasob\u00f3w energetycznych i wodnych, co pozwoli uzyska\u0107 w efekcie stabilny ekologicznie system miejski odporny na zmiany klimatu. Prace badawczo- rozwojowe prowadzone przez Uniwersytet Wroc\u0142awski s\u0105 skoncentrowane&nbsp; na systemach zarz\u0105dzania miejscowego dla miast w oparciu o modele rolnictwa miejskiego o obiegu zamkni\u0119tym, kt\u00f3re pozwol\u0105 uzyska\u0107 stabiln\u0105 ekologicznie tkank\u0119 miejsk\u0105 odporn\u0105 na zmiany klimatu i popraw\u0119 jako\u015bci \u017cycia, szczeg\u00f3lnie wa\u017cn\u0105 w erze post-covid.<\/p>\n\n\n<div class=\"bs__links\">\r\n    <div class=\"bs__links__section\">\r\n        <ul class=\"bs__links__list\">\r\n                            <li class=\"bs__links__list__item\">\r\n                    <a href=\"https:\/\/focuse.uwr.edu.pl\/wp-content\/uploads\/sites\/628\/2024\/11\/FOCUS-PL.pdf\" class=\"bs__links__list__item__link\">\r\n                        O FOCUSE \r\n                        <div class=\"bs__links__list__item__link__before__icon\">\r\n                            <div class=\"bs__links__list__item__link__icon\">\r\n                                <svg width=\"40px\" height=\"40px\" viewBox=\"0 0 22 16\" version=\"1.1\">\r\n                                <g stroke=\"none\" strokeWidth=\"1\" fill=\"black\" fillRule=\"evenodd\">\r\n                                    <g>\r\n                                    <polygon points=\"13.4875 0 12 1.6215 18.7875 8 12 14.3795 13.4875 16 21.9995 8\" \/>\r\n                                    <\/g>\r\n                                <\/g>\r\n                                <\/svg>\r\n                            <\/div>\r\n                        <\/div>\r\n                    <\/a>\r\n                <li>\r\n                    <\/ul>\r\n    <\/div>\r\n<\/div><\/div><\/div><\/div><\/div><\/div><\/div>\n<\/div><\/div><\/div><\/div><\/div><\/div>\n","protected":false},"excerpt":{"rendered":"<p>Celem prowadzonych prac badawczo-rozwojowych jest znalezienie wielowymiarowych, optymalnych i utylitarnych modeli strategicznych i scenariuszy dla miejskich system\u00f3w \u017cywno\u015bciowych o obiegu zamkni\u0119tym w celu dostosowania si\u0119 do zmian klimatu i zak\u0142\u00f3ce\u0144 w dostawach \u017cywno\u015bci na przyk\u0142adach miast z r\u00f3\u017cnych stref klimatycznych: Sztokholm, Skellefte\u00e5 \/ Szwecja, Wroc\u0142aw \/ Polska , Bolonia \/ W\u0142ochy ) i Barcelona \/ [&hellip;]<\/p>\n","protected":false},"author":37,"featured_media":24320,"parent":24254,"menu_order":1,"comment_status":"closed","ping_status":"closed","template":"","meta":{"_acf_changed":false,"inline_featured_image":false,"site-sidebar-layout":"default","site-content-layout":"","ast-site-content-layout":"default","site-content-style":"default","site-sidebar-style":"default","ast-global-header-display":"","ast-banner-title-visibility":"","ast-main-header-display":"","ast-hfb-above-header-display":"","ast-hfb-below-header-display":"","ast-hfb-mobile-header-display":"","site-post-title":"","ast-breadcrumbs-content":"","ast-featured-img":"","footer-sml-layout":"","ast-disable-related-posts":"","theme-transparent-header-meta":"","adv-header-id-meta":"","stick-header-meta":"","header-above-stick-meta":"","header-main-stick-meta":"","header-below-stick-meta":"","astra-migrate-meta-layouts":"set","ast-page-background-enabled":"default","ast-page-background-meta":{"desktop":{"background-color":"","background-image":"","background-repeat":"repeat","background-position":"center center","background-size":"auto","background-attachment":"scroll","background-type":"","background-media":"","overlay-type":"","overlay-color":"","overlay-opacity":"","overlay-gradient":""},"tablet":{"background-color":"","background-image":"","background-repeat":"repeat","background-position":"center center","background-size":"auto","background-attachment":"scroll","background-type":"","background-media":"","overlay-type":"","overlay-color":"","overlay-opacity":"","overlay-gradient":""},"mobile":{"background-color":"","background-image":"","background-repeat":"repeat","background-position":"center center","background-size":"auto","background-attachment":"scroll","background-type":"","background-media":"","overlay-type":"","overlay-color":"","overlay-opacity":"","overlay-gradient":""}},"ast-content-background-meta":{"desktop":{"background-color":"var(--ast-global-color-5)","background-image":"","background-repeat":"repeat","background-position":"center center","background-size":"auto","background-attachment":"scroll","background-type":"","background-media":"","overlay-type":"","overlay-color":"","overlay-opacity":"","overlay-gradient":""},"tablet":{"background-color":"var(--ast-global-color-5)","background-image":"","background-repeat":"repeat","background-position":"center center","background-size":"auto","background-attachment":"scroll","background-type":"","background-media":"","overlay-type":"","overlay-color":"","overlay-opacity":"","overlay-gradient":""},"mobile":{"background-color":"var(--ast-global-color-5)","background-image":"","background-repeat":"repeat","background-position":"center center","background-size":"auto","background-attachment":"scroll","background-type":"","background-media":"","overlay-type":"","overlay-color":"","overlay-opacity":"","overlay-gradient":""}},"footnotes":""},"categories":[],"tags":[],"class_list":["post-24413","page","type-page","status-publish","has-post-thumbnail","hentry"],"featured_image_urls_v2":{"full":["https:\/\/focuse.uwr.edu.pl\/wp-content\/uploads\/sites\/628\/2024\/11\/IMG-20240420-WA0016-kopia.jpg",1600,1204,false],"thumbnail":["https:\/\/focuse.uwr.edu.pl\/wp-content\/uploads\/sites\/628\/2024\/11\/IMG-20240420-WA0016-kopia-150x150.jpg",150,150,true],"medium":["https:\/\/focuse.uwr.edu.pl\/wp-content\/uploads\/sites\/628\/2024\/11\/IMG-20240420-WA0016-kopia-300x226.jpg",300,226,true],"medium_large":["https:\/\/focuse.uwr.edu.pl\/wp-content\/uploads\/sites\/628\/2024\/11\/IMG-20240420-WA0016-kopia-768x578.jpg",768,578,true],"large":["https:\/\/focuse.uwr.edu.pl\/wp-content\/uploads\/sites\/628\/2024\/11\/IMG-20240420-WA0016-kopia-1024x771.jpg",1024,771,true],"1536x1536":["https:\/\/focuse.uwr.edu.pl\/wp-content\/uploads\/sites\/628\/2024\/11\/IMG-20240420-WA0016-kopia-1536x1156.jpg",1536,1156,true],"2048x2048":["https:\/\/focuse.uwr.edu.pl\/wp-content\/uploads\/sites\/628\/2024\/11\/IMG-20240420-WA0016-kopia.jpg",1600,1204,false],"menu-24x24":["https:\/\/focuse.uwr.edu.pl\/wp-content\/uploads\/sites\/628\/2024\/11\/IMG-20240420-WA0016-kopia-24x18.jpg",24,18,true],"menu-36x36":["https:\/\/focuse.uwr.edu.pl\/wp-content\/uploads\/sites\/628\/2024\/11\/IMG-20240420-WA0016-kopia-36x27.jpg",36,27,true],"menu-48x48":["https:\/\/focuse.uwr.edu.pl\/wp-content\/uploads\/sites\/628\/2024\/11\/IMG-20240420-WA0016-kopia-48x36.jpg",48,36,true]},"post_excerpt_stackable_v2":"<p>Cele bada\u0144 Celem prowadzonych prac badawczo-rozwojowych jest znalezienie wielowymiarowych, optymalnych i utylitarnych modeli strategicznych i scenariuszy dla miejskich system\u00f3w \u017cywno\u015bciowych o obiegu zamkni\u0119tym w celu dostosowania si\u0119 do zmian klimatu i zak\u0142\u00f3ce\u0144 w dostawach \u017cywno\u015bci na przyk\u0142adach miast z r\u00f3\u017cnych stref klimatycznych: Sztokholm, Skellefte\u00e5 \/ Szwecja, Wroc\u0142aw \/ Polska , Bolonia \/ W\u0142ochy ) i Barcelona \/ Hiszpania w r\u00f3\u017cnych skalach planowania przestrzennego (planowanie regionalne i miejskie) i w r\u00f3\u017cnych kontekstach przestrzennych (miasto, dzielnica, blok miejski, dzia\u0142ka i budynek). W Polsce obszar bada\u0144 obejmuje dzielnice mieszkaniowe: Muchob\u00f3r oraz Przedmie\u015bcie O\u0142awskie i Nadodrze, na kt\u00f3rych koncentruj\u0105 si\u0119 obecnie dzia\u0142ania rewitalizacyjne w\u0142adz&hellip;<\/p>\n","category_list_v2":"Bez kategorii","author_info_v2":{"name":"Izabela Jaraszek","url":"https:\/\/focuse.uwr.edu.pl\/pl\/author\/ijaraszek\/"},"comments_num_v2":"0 comments","acf":[],"yoast_head":"<!-- This site is optimized with the Yoast SEO plugin v27.1.1 - https:\/\/yoast.com\/product\/yoast-seo-wordpress\/ -->\n<title>Cele bada\u0144 - FOCUSE<\/title>\n<meta name=\"robots\" content=\"index, follow, max-snippet:-1, max-image-preview:large, max-video-preview:-1\" \/>\n<link rel=\"canonical\" href=\"https:\/\/focuse.uwr.edu.pl\/pl\/projekt\/cele-badan\/\" \/>\n<meta property=\"og:locale\" content=\"pl_PL\" \/>\n<meta property=\"og:type\" content=\"article\" \/>\n<meta property=\"og:title\" content=\"Cele bada\u0144 - FOCUSE\" \/>\n<meta property=\"og:description\" content=\"Celem prowadzonych prac badawczo-rozwojowych jest znalezienie wielowymiarowych, optymalnych i utylitarnych modeli strategicznych i scenariuszy dla miejskich system\u00f3w \u017cywno\u015bciowych o obiegu zamkni\u0119tym w celu dostosowania si\u0119 do zmian klimatu i zak\u0142\u00f3ce\u0144 w dostawach \u017cywno\u015bci na przyk\u0142adach miast z r\u00f3\u017cnych stref klimatycznych: Sztokholm, Skellefte\u00e5 \/ Szwecja, Wroc\u0142aw \/ Polska , Bolonia \/ W\u0142ochy ) i Barcelona \/ [&hellip;]\" \/>\n<meta property=\"og:url\" content=\"https:\/\/focuse.uwr.edu.pl\/pl\/projekt\/cele-badan\/\" \/>\n<meta property=\"og:site_name\" content=\"FOCUSE\" \/>\n<meta property=\"article:modified_time\" content=\"2024-11-07T09:50:41+00:00\" \/>\n<meta property=\"og:image\" content=\"https:\/\/focuse.uwr.edu.pl\/wp-content\/uploads\/sites\/628\/2024\/11\/IMG-20240420-WA0016-kopia.jpg\" \/>\n\t<meta property=\"og:image:width\" content=\"1600\" \/>\n\t<meta property=\"og:image:height\" content=\"1204\" \/>\n\t<meta property=\"og:image:type\" content=\"image\/jpeg\" \/>\n<meta name=\"twitter:card\" content=\"summary_large_image\" \/>\n<meta name=\"twitter:label1\" content=\"Szacowany czas czytania\" \/>\n\t<meta name=\"twitter:data1\" content=\"2 minuty\" \/>\n<script type=\"application\/ld+json\" class=\"yoast-schema-graph\">{\"@context\":\"https:\/\/schema.org\",\"@graph\":[{\"@type\":\"WebPage\",\"@id\":\"https:\/\/focuse.uwr.edu.pl\/pl\/projekt\/cele-badan\/\",\"url\":\"https:\/\/focuse.uwr.edu.pl\/pl\/projekt\/cele-badan\/\",\"name\":\"Cele bada\u0144 - FOCUSE\",\"isPartOf\":{\"@id\":\"https:\/\/focuse.uwr.edu.pl\/#website\"},\"primaryImageOfPage\":{\"@id\":\"https:\/\/focuse.uwr.edu.pl\/pl\/projekt\/cele-badan\/#primaryimage\"},\"image\":{\"@id\":\"https:\/\/focuse.uwr.edu.pl\/pl\/projekt\/cele-badan\/#primaryimage\"},\"thumbnailUrl\":\"https:\/\/focuse.uwr.edu.pl\/wp-content\/uploads\/sites\/628\/2024\/11\/IMG-20240420-WA0016-kopia.jpg\",\"datePublished\":\"2024-11-07T08:56:15+00:00\",\"dateModified\":\"2024-11-07T09:50:41+00:00\",\"breadcrumb\":{\"@id\":\"https:\/\/focuse.uwr.edu.pl\/pl\/projekt\/cele-badan\/#breadcrumb\"},\"inLanguage\":\"pl-PL\",\"potentialAction\":[{\"@type\":\"ReadAction\",\"target\":[\"https:\/\/focuse.uwr.edu.pl\/pl\/projekt\/cele-badan\/\"]}]},{\"@type\":\"ImageObject\",\"inLanguage\":\"pl-PL\",\"@id\":\"https:\/\/focuse.uwr.edu.pl\/pl\/projekt\/cele-badan\/#primaryimage\",\"url\":\"https:\/\/focuse.uwr.edu.pl\/wp-content\/uploads\/sites\/628\/2024\/11\/IMG-20240420-WA0016-kopia.jpg\",\"contentUrl\":\"https:\/\/focuse.uwr.edu.pl\/wp-content\/uploads\/sites\/628\/2024\/11\/IMG-20240420-WA0016-kopia.jpg\",\"width\":1600,\"height\":1204},{\"@type\":\"BreadcrumbList\",\"@id\":\"https:\/\/focuse.uwr.edu.pl\/pl\/projekt\/cele-badan\/#breadcrumb\",\"itemListElement\":[{\"@type\":\"ListItem\",\"position\":1,\"name\":\"Strona g\u0142\u00f3wna\",\"item\":\"https:\/\/focuse.uwr.edu.pl\/pl\/\"},{\"@type\":\"ListItem\",\"position\":2,\"name\":\"Projekt\",\"item\":\"https:\/\/focuse.uwr.edu.pl\/pl\/projekt\/\"},{\"@type\":\"ListItem\",\"position\":3,\"name\":\"Cele bada\u0144\"}]},{\"@type\":\"WebSite\",\"@id\":\"https:\/\/focuse.uwr.edu.pl\/#website\",\"url\":\"https:\/\/focuse.uwr.edu.pl\/\",\"name\":\"FOCUSE\",\"description\":\"Kolejna witryna sieci \u201eUWR Witryny\u201d\",\"publisher\":{\"@id\":\"https:\/\/focuse.uwr.edu.pl\/#organization\"},\"potentialAction\":[{\"@type\":\"SearchAction\",\"target\":{\"@type\":\"EntryPoint\",\"urlTemplate\":\"https:\/\/focuse.uwr.edu.pl\/?s={search_term_string}\"},\"query-input\":{\"@type\":\"PropertyValueSpecification\",\"valueRequired\":true,\"valueName\":\"search_term_string\"}}],\"inLanguage\":\"pl-PL\"},{\"@type\":\"Organization\",\"@id\":\"https:\/\/focuse.uwr.edu.pl\/#organization\",\"name\":\"FOCUSE\",\"url\":\"https:\/\/focuse.uwr.edu.pl\/\",\"logo\":{\"@type\":\"ImageObject\",\"inLanguage\":\"pl-PL\",\"@id\":\"https:\/\/focuse.uwr.edu.pl\/#\/schema\/logo\/image\/\",\"url\":\"https:\/\/focuse.uwr.edu.pl\/wp-content\/uploads\/sites\/628\/2025\/10\/Najnowsze-logo.webp\",\"contentUrl\":\"https:\/\/focuse.uwr.edu.pl\/wp-content\/uploads\/sites\/628\/2025\/10\/Najnowsze-logo.webp\",\"width\":919,\"height\":80,\"caption\":\"FOCUSE\"},\"image\":{\"@id\":\"https:\/\/focuse.uwr.edu.pl\/#\/schema\/logo\/image\/\"}}]}<\/script>\n<!-- \/ Yoast SEO plugin. -->","yoast_head_json":{"title":"Cele bada\u0144 - FOCUSE","robots":{"index":"index","follow":"follow","max-snippet":"max-snippet:-1","max-image-preview":"max-image-preview:large","max-video-preview":"max-video-preview:-1"},"canonical":"https:\/\/focuse.uwr.edu.pl\/pl\/projekt\/cele-badan\/","og_locale":"pl_PL","og_type":"article","og_title":"Cele bada\u0144 - FOCUSE","og_description":"Celem prowadzonych prac badawczo-rozwojowych jest znalezienie wielowymiarowych, optymalnych i utylitarnych modeli strategicznych i scenariuszy dla miejskich system\u00f3w \u017cywno\u015bciowych o obiegu zamkni\u0119tym w celu dostosowania si\u0119 do zmian klimatu i zak\u0142\u00f3ce\u0144 w dostawach \u017cywno\u015bci na przyk\u0142adach miast z r\u00f3\u017cnych stref klimatycznych: Sztokholm, Skellefte\u00e5 \/ Szwecja, Wroc\u0142aw \/ Polska , Bolonia \/ W\u0142ochy ) i Barcelona \/ [&hellip;]","og_url":"https:\/\/focuse.uwr.edu.pl\/pl\/projekt\/cele-badan\/","og_site_name":"FOCUSE","article_modified_time":"2024-11-07T09:50:41+00:00","og_image":[{"width":1600,"height":1204,"url":"https:\/\/focuse.uwr.edu.pl\/wp-content\/uploads\/sites\/628\/2024\/11\/IMG-20240420-WA0016-kopia.jpg","type":"image\/jpeg"}],"twitter_card":"summary_large_image","twitter_misc":{"Szacowany czas czytania":"2 minuty"},"schema":{"@context":"https:\/\/schema.org","@graph":[{"@type":"WebPage","@id":"https:\/\/focuse.uwr.edu.pl\/pl\/projekt\/cele-badan\/","url":"https:\/\/focuse.uwr.edu.pl\/pl\/projekt\/cele-badan\/","name":"Cele bada\u0144 - FOCUSE","isPartOf":{"@id":"https:\/\/focuse.uwr.edu.pl\/#website"},"primaryImageOfPage":{"@id":"https:\/\/focuse.uwr.edu.pl\/pl\/projekt\/cele-badan\/#primaryimage"},"image":{"@id":"https:\/\/focuse.uwr.edu.pl\/pl\/projekt\/cele-badan\/#primaryimage"},"thumbnailUrl":"https:\/\/focuse.uwr.edu.pl\/wp-content\/uploads\/sites\/628\/2024\/11\/IMG-20240420-WA0016-kopia.jpg","datePublished":"2024-11-07T08:56:15+00:00","dateModified":"2024-11-07T09:50:41+00:00","breadcrumb":{"@id":"https:\/\/focuse.uwr.edu.pl\/pl\/projekt\/cele-badan\/#breadcrumb"},"inLanguage":"pl-PL","potentialAction":[{"@type":"ReadAction","target":["https:\/\/focuse.uwr.edu.pl\/pl\/projekt\/cele-badan\/"]}]},{"@type":"ImageObject","inLanguage":"pl-PL","@id":"https:\/\/focuse.uwr.edu.pl\/pl\/projekt\/cele-badan\/#primaryimage","url":"https:\/\/focuse.uwr.edu.pl\/wp-content\/uploads\/sites\/628\/2024\/11\/IMG-20240420-WA0016-kopia.jpg","contentUrl":"https:\/\/focuse.uwr.edu.pl\/wp-content\/uploads\/sites\/628\/2024\/11\/IMG-20240420-WA0016-kopia.jpg","width":1600,"height":1204},{"@type":"BreadcrumbList","@id":"https:\/\/focuse.uwr.edu.pl\/pl\/projekt\/cele-badan\/#breadcrumb","itemListElement":[{"@type":"ListItem","position":1,"name":"Strona g\u0142\u00f3wna","item":"https:\/\/focuse.uwr.edu.pl\/pl\/"},{"@type":"ListItem","position":2,"name":"Projekt","item":"https:\/\/focuse.uwr.edu.pl\/pl\/projekt\/"},{"@type":"ListItem","position":3,"name":"Cele bada\u0144"}]},{"@type":"WebSite","@id":"https:\/\/focuse.uwr.edu.pl\/#website","url":"https:\/\/focuse.uwr.edu.pl\/","name":"FOCUSE","description":"Kolejna witryna sieci \u201eUWR Witryny\u201d","publisher":{"@id":"https:\/\/focuse.uwr.edu.pl\/#organization"},"potentialAction":[{"@type":"SearchAction","target":{"@type":"EntryPoint","urlTemplate":"https:\/\/focuse.uwr.edu.pl\/?s={search_term_string}"},"query-input":{"@type":"PropertyValueSpecification","valueRequired":true,"valueName":"search_term_string"}}],"inLanguage":"pl-PL"},{"@type":"Organization","@id":"https:\/\/focuse.uwr.edu.pl\/#organization","name":"FOCUSE","url":"https:\/\/focuse.uwr.edu.pl\/","logo":{"@type":"ImageObject","inLanguage":"pl-PL","@id":"https:\/\/focuse.uwr.edu.pl\/#\/schema\/logo\/image\/","url":"https:\/\/focuse.uwr.edu.pl\/wp-content\/uploads\/sites\/628\/2025\/10\/Najnowsze-logo.webp","contentUrl":"https:\/\/focuse.uwr.edu.pl\/wp-content\/uploads\/sites\/628\/2025\/10\/Najnowsze-logo.webp","width":919,"height":80,"caption":"FOCUSE"},"image":{"@id":"https:\/\/focuse.uwr.edu.pl\/#\/schema\/logo\/image\/"}}]}},"publishpress_future_action":{"enabled":false,"date":"2026-04-12 13:46:41","action":"change-status","newStatus":"draft","terms":[],"taxonomy":"category","extraData":[]},"publishpress_future_workflow_manual_trigger":{"enabledWorkflows":[]},"_links":{"self":[{"href":"https:\/\/focuse.uwr.edu.pl\/pl\/wp-json\/wp\/v2\/pages\/24413\/"}],"collection":[{"href":"https:\/\/focuse.uwr.edu.pl\/pl\/wp-json\/wp\/v2\/pages\/"}],"about":[{"href":"https:\/\/focuse.uwr.edu.pl\/pl\/wp-json\/wp\/v2\/types\/page\/"}],"author":[{"embeddable":true,"href":"https:\/\/focuse.uwr.edu.pl\/pl\/wp-json\/wp\/v2\/users\/37\/"}],"replies":[{"embeddable":true,"href":"https:\/\/focuse.uwr.edu.pl\/pl\/wp-json\/wp\/v2\/comments\/?post=24413"}],"version-history":[{"count":3,"href":"https:\/\/focuse.uwr.edu.pl\/pl\/wp-json\/wp\/v2\/pages\/24413\/revisions\/"}],"predecessor-version":[{"id":24551,"href":"https:\/\/focuse.uwr.edu.pl\/pl\/wp-json\/wp\/v2\/pages\/24413\/revisions\/24551\/"}],"up":[{"embeddable":true,"href":"https:\/\/focuse.uwr.edu.pl\/pl\/wp-json\/wp\/v2\/pages\/24254\/"}],"wp:featuredmedia":[{"embeddable":true,"href":"https:\/\/focuse.uwr.edu.pl\/pl\/wp-json\/wp\/v2\/media\/24320\/"}],"wp:attachment":[{"href":"https:\/\/focuse.uwr.edu.pl\/pl\/wp-json\/wp\/v2\/media\/?parent=24413"}],"wp:term":[{"taxonomy":"category","embeddable":true,"href":"https:\/\/focuse.uwr.edu.pl\/pl\/wp-json\/wp\/v2\/categories\/?post=24413"},{"taxonomy":"post_tag","embeddable":true,"href":"https:\/\/focuse.uwr.edu.pl\/pl\/wp-json\/wp\/v2\/tags\/?post=24413"}],"curies":[{"name":"wp","href":"https:\/\/api.w.org\/{rel}","templated":true}]}}