{"id":25369,"date":"2025-02-03T11:52:56","date_gmt":"2025-02-03T10:52:56","guid":{"rendered":"https:\/\/focuse.uwr.edu.pl\/?page_id=25369"},"modified":"2025-02-11T10:00:14","modified_gmt":"2025-02-11T09:00:14","slug":"raport-z-wywiadow-z-mieszkancami","status":"publish","type":"page","link":"https:\/\/focuse.uwr.edu.pl\/pl\/artykulyy\/raport-z-wywiadow-z-mieszkancami\/","title":{"rendered":"Raport z wywiad\u00f3w z mieszka\u0144cami"},"content":{"rendered":"\n<p><\/p>\n\n\n\n<div class=\"alignfull wp-block-ugb-container ugb-container bs-konferencje-akordeony ugb-12c4a27 ugb-container--v2 ugb-container--design-plain ugb-main-block\"><style>@media screen and (min-width:768px){.ugb-12c4a27.ugb-container{margin-bottom:0px !important;padding-right:0px !important;padding-bottom:50px !important;padding-left:0px !important}}@media screen and (min-width:768px){.ugb-12c4a27 > .ugb-inner-block > .ugb-block-content > *{padding-top:0px !important;padding-bottom:0px !important;padding-right:0px !important;padding-left:0px !important}}<\/style><div class=\"ugb-inner-block\"><div class=\"ugb-block-content\"><div class=\"ugb-container__wrapper ugb-12c4a27-wrapper\"><div class=\"ugb-container__side\"><div class=\"ugb-container__content-wrapper ugb-12c4a27-content-wrapper\">\n<div class=\"wp-block-media-text alignwide is-stacked-on-mobile is-vertically-aligned-top is-image-fill bs-naglowek-szablonu-kolumny\"><figure class=\"wp-block-media-text__media\" style=\"background-image:url(https:\/\/focuse.uwr.edu.pl\/wp-content\/uploads\/sites\/628\/2025\/02\/Warzywa-1024x576.png);background-position:50% 50%\"><img loading=\"lazy\" decoding=\"async\" width=\"1024\" height=\"576\" src=\"https:\/\/focuse.uwr.edu.pl\/wp-content\/uploads\/sites\/628\/2025\/02\/Warzywa-1024x576.png\" alt=\"Warzywa\" class=\"wp-image-25381 size-full\" srcset=\"https:\/\/focuse.uwr.edu.pl\/wp-content\/uploads\/sites\/628\/2025\/02\/Warzywa-1024x576.png 1024w, https:\/\/focuse.uwr.edu.pl\/wp-content\/uploads\/sites\/628\/2025\/02\/Warzywa-300x169.png 300w, https:\/\/focuse.uwr.edu.pl\/wp-content\/uploads\/sites\/628\/2025\/02\/Warzywa-768x432.png 768w, https:\/\/focuse.uwr.edu.pl\/wp-content\/uploads\/sites\/628\/2025\/02\/Warzywa-1536x864.png 1536w, https:\/\/focuse.uwr.edu.pl\/wp-content\/uploads\/sites\/628\/2025\/02\/Warzywa-24x14.png 24w, https:\/\/focuse.uwr.edu.pl\/wp-content\/uploads\/sites\/628\/2025\/02\/Warzywa-36x20.png 36w, https:\/\/focuse.uwr.edu.pl\/wp-content\/uploads\/sites\/628\/2025\/02\/Warzywa-48x27.png 48w, https:\/\/focuse.uwr.edu.pl\/wp-content\/uploads\/sites\/628\/2025\/02\/Warzywa.png 1920w\" sizes=\"auto, (max-width: 1024px) 100vw, 1024px\" \/><\/figure><div class=\"wp-block-media-text__content\">\n<div class=\"wp-block-bonasoft-modular-breadcrumbs-block\"><div class=\"bs_add_breadcrumb_trail\"><\/div><\/div>\n\n\n\n<hr class=\"wp-block-separator has-text-color has-black-color has-css-opacity has-black-background-color has-background is-style-wide bs-border-kontakt\"\/>\n\n\n<h1 style=\"font-style:normal;font-weight:700;\" class=\"bs-naglowek-podstrony wp-block-post-title\">Raport z wywiad\u00f3w z mieszka\u0144cami<\/h1>\n\n\n<div style=\"height:50px\" aria-hidden=\"true\" class=\"wp-block-spacer\"><\/div>\n\n\n\n<h2 class=\"wp-block-heading\">Zar\u0119ba A, Krzemi\u0144ska A., 2025, Raport z wywiad\u00f3w z mieszka\u0144cami miast okre\u015blaj\u0105cych wzorce konsumpcji oraz praktyki zwi\u0105zane z upraw\u0105 warzyw, owoc\u00f3w i zi\u00f3\u0142 na terenach miejskich, <em>Repozytorium Uniwersytetu Wroc\u0142awskiego<\/em><\/h2>\n\n\n\n<div style=\"height:50px\" aria-hidden=\"true\" class=\"wp-block-spacer\"><\/div>\n\n\n<div class=\"bs__links\">\r\n    <div class=\"bs__links__section\">\r\n        <ul class=\"bs__links__list\">\r\n                            <li class=\"bs__links__list__item\">\r\n                    <a href=\"https:\/\/focuse.uwr.edu.pl\/wp-content\/uploads\/sites\/628\/2025\/02\/Raport-z-wywiadow-z-mieszkancami-miast.pdf\" class=\"bs__links__list__item__link\">\r\n                        Raport \r\n                        <div class=\"bs__links__list__item__link__before__icon\">\r\n                            <div class=\"bs__links__list__item__link__icon\">\r\n                                <svg width=\"40px\" height=\"40px\" viewBox=\"0 0 22 16\" version=\"1.1\">\r\n                                <g stroke=\"none\" strokeWidth=\"1\" fill=\"black\" fillRule=\"evenodd\">\r\n                                    <g>\r\n                                    <polygon points=\"13.4875 0 12 1.6215 18.7875 8 12 14.3795 13.4875 16 21.9995 8\" \/>\r\n                                    <\/g>\r\n                                <\/g>\r\n                                <\/svg>\r\n                            <\/div>\r\n                        <\/div>\r\n                    <\/a>\r\n                <li>\r\n                            <li class=\"bs__links__list__item\">\r\n                    <a href=\"https:\/\/doi.org\/10.34616\/151357\" class=\"bs__links__list__item__link\">\r\n                        DOI \r\n                        <div class=\"bs__links__list__item__link__before__icon\">\r\n                            <div class=\"bs__links__list__item__link__icon\">\r\n                                <svg width=\"40px\" height=\"40px\" viewBox=\"0 0 22 16\" version=\"1.1\">\r\n                                <g stroke=\"none\" strokeWidth=\"1\" fill=\"black\" fillRule=\"evenodd\">\r\n                                    <g>\r\n                                    <polygon points=\"13.4875 0 12 1.6215 18.7875 8 12 14.3795 13.4875 16 21.9995 8\" \/>\r\n                                    <\/g>\r\n                                <\/g>\r\n                                <\/svg>\r\n                            <\/div>\r\n                        <\/div>\r\n                    <\/a>\r\n                <li>\r\n                    <\/ul>\r\n    <\/div>\r\n<\/div><\/div><\/div>\n\n\n\n<div class=\"wp-block-ugb-container ugb-container bs-strona-konferencje ugb-002ab8b ugb-container--v2 ugb-container--design-plain ugb-main-block\"><style>@media screen and (min-width:768px){.ugb-002ab8b.ugb-container{margin-bottom:0% !important;margin-right:6% !important;margin-left:6% !important}}@media screen and (min-width:768px){.ugb-002ab8b > .ugb-inner-block > .ugb-block-content > *{padding-top:0px !important;padding-bottom:0px !important;padding-right:0px !important;padding-left:0px !important}}<\/style><div class=\"ugb-inner-block\"><div class=\"ugb-block-content\"><div class=\"ugb-container__wrapper ugb-002ab8b-wrapper\"><div class=\"ugb-container__side\"><div class=\"ugb-container__content-wrapper ugb-002ab8b-content-wrapper\"><\/div><\/div><\/div><\/div><\/div><\/div>\n<\/div><\/div><\/div><\/div><\/div><\/div>\n","protected":false},"excerpt":{"rendered":"<p>Raport z wywiad\u00f3w z mieszka\u0144cami miast okre\u015blaj\u0105cych wzorce konsumpcji oraz praktyki zwi\u0105zane z upraw\u0105 warzyw, owoc\u00f3w i zi\u00f3\u0142 na terenach miejskich.<\/p>\n","protected":false},"author":37,"featured_media":25381,"parent":25273,"menu_order":4,"comment_status":"closed","ping_status":"closed","template":"","meta":{"_acf_changed":false,"inline_featured_image":false,"site-sidebar-layout":"default","site-content-layout":"","ast-site-content-layout":"default","site-content-style":"default","site-sidebar-style":"default","ast-global-header-display":"","ast-banner-title-visibility":"","ast-main-header-display":"","ast-hfb-above-header-display":"","ast-hfb-below-header-display":"","ast-hfb-mobile-header-display":"","site-post-title":"","ast-breadcrumbs-content":"","ast-featured-img":"","footer-sml-layout":"","ast-disable-related-posts":"","theme-transparent-header-meta":"","adv-header-id-meta":"","stick-header-meta":"","header-above-stick-meta":"","header-main-stick-meta":"","header-below-stick-meta":"","astra-migrate-meta-layouts":"set","ast-page-background-enabled":"default","ast-page-background-meta":{"desktop":{"background-color":"","background-image":"","background-repeat":"repeat","background-position":"center center","background-size":"auto","background-attachment":"scroll","background-type":"","background-media":"","overlay-type":"","overlay-color":"","overlay-opacity":"","overlay-gradient":""},"tablet":{"background-color":"","background-image":"","background-repeat":"repeat","background-position":"center center","background-size":"auto","background-attachment":"scroll","background-type":"","background-media":"","overlay-type":"","overlay-color":"","overlay-opacity":"","overlay-gradient":""},"mobile":{"background-color":"","background-image":"","background-repeat":"repeat","background-position":"center center","background-size":"auto","background-attachment":"scroll","background-type":"","background-media":"","overlay-type":"","overlay-color":"","overlay-opacity":"","overlay-gradient":""}},"ast-content-background-meta":{"desktop":{"background-color":"var(--ast-global-color-5)","background-image":"","background-repeat":"repeat","background-position":"center center","background-size":"auto","background-attachment":"scroll","background-type":"","background-media":"","overlay-type":"","overlay-color":"","overlay-opacity":"","overlay-gradient":""},"tablet":{"background-color":"var(--ast-global-color-5)","background-image":"","background-repeat":"repeat","background-position":"center center","background-size":"auto","background-attachment":"scroll","background-type":"","background-media":"","overlay-type":"","overlay-color":"","overlay-opacity":"","overlay-gradient":""},"mobile":{"background-color":"var(--ast-global-color-5)","background-image":"","background-repeat":"repeat","background-position":"center center","background-size":"auto","background-attachment":"scroll","background-type":"","background-media":"","overlay-type":"","overlay-color":"","overlay-opacity":"","overlay-gradient":""}},"footnotes":""},"categories":[224],"tags":[],"class_list":["post-25369","page","type-page","status-publish","has-post-thumbnail","hentry","category-artykuly"],"featured_image_urls_v2":{"full":["https:\/\/focuse.uwr.edu.pl\/wp-content\/uploads\/sites\/628\/2025\/02\/Warzywa.png",1920,1080,false],"thumbnail":["https:\/\/focuse.uwr.edu.pl\/wp-content\/uploads\/sites\/628\/2025\/02\/Warzywa-150x150.png",150,150,true],"medium":["https:\/\/focuse.uwr.edu.pl\/wp-content\/uploads\/sites\/628\/2025\/02\/Warzywa-300x169.png",300,169,true],"medium_large":["https:\/\/focuse.uwr.edu.pl\/wp-content\/uploads\/sites\/628\/2025\/02\/Warzywa-768x432.png",768,432,true],"large":["https:\/\/focuse.uwr.edu.pl\/wp-content\/uploads\/sites\/628\/2025\/02\/Warzywa-1024x576.png",1024,576,true],"1536x1536":["https:\/\/focuse.uwr.edu.pl\/wp-content\/uploads\/sites\/628\/2025\/02\/Warzywa-1536x864.png",1536,864,true],"2048x2048":["https:\/\/focuse.uwr.edu.pl\/wp-content\/uploads\/sites\/628\/2025\/02\/Warzywa.png",1920,1080,false],"menu-24x24":["https:\/\/focuse.uwr.edu.pl\/wp-content\/uploads\/sites\/628\/2025\/02\/Warzywa-24x14.png",24,14,true],"menu-36x36":["https:\/\/focuse.uwr.edu.pl\/wp-content\/uploads\/sites\/628\/2025\/02\/Warzywa-36x20.png",36,20,true],"menu-48x48":["https:\/\/focuse.uwr.edu.pl\/wp-content\/uploads\/sites\/628\/2025\/02\/Warzywa-48x27.png",48,27,true]},"post_excerpt_stackable_v2":"<p>Raport z wywiad\u00f3w z mieszka\u0144cami miast okre\u015blaj\u0105cych wzorce konsumpcji oraz praktyki zwi\u0105zane z upraw\u0105 warzyw, owoc\u00f3w i zi\u00f3\u0142 na terenach miejskich.<\/p>\n","category_list_v2":"<a href=\"https:\/\/focuse.uwr.edu.pl\/pl\/category\/artykuly\/\" rel=\"category tag\">Artyku\u0142y<\/a>","author_info_v2":{"name":"Izabela Jaraszek","url":"https:\/\/focuse.uwr.edu.pl\/pl\/author\/ijaraszek\/"},"comments_num_v2":"0 comments","acf":[],"yoast_head":"<!-- This site is optimized with the Yoast SEO plugin v27.1.1 - https:\/\/yoast.com\/product\/yoast-seo-wordpress\/ -->\n<title>Raport z wywiad\u00f3w z mieszka\u0144cami - FOCUSE<\/title>\n<meta name=\"robots\" content=\"index, follow, max-snippet:-1, max-image-preview:large, max-video-preview:-1\" \/>\n<link rel=\"canonical\" href=\"https:\/\/focuse.uwr.edu.pl\/pl\/artykulyy\/raport-z-wywiadow-z-mieszkancami\/\" \/>\n<meta property=\"og:locale\" content=\"pl_PL\" \/>\n<meta property=\"og:type\" content=\"article\" \/>\n<meta property=\"og:title\" content=\"Raport z wywiad\u00f3w z mieszka\u0144cami - FOCUSE\" \/>\n<meta property=\"og:description\" content=\"Raport z wywiad\u00f3w z mieszka\u0144cami miast okre\u015blaj\u0105cych wzorce konsumpcji oraz praktyki zwi\u0105zane z upraw\u0105 warzyw, owoc\u00f3w i zi\u00f3\u0142 na terenach miejskich.\" \/>\n<meta property=\"og:url\" content=\"https:\/\/focuse.uwr.edu.pl\/pl\/artykulyy\/raport-z-wywiadow-z-mieszkancami\/\" \/>\n<meta property=\"og:site_name\" content=\"FOCUSE\" \/>\n<meta property=\"article:modified_time\" content=\"2025-02-11T09:00:14+00:00\" \/>\n<meta property=\"og:image\" content=\"https:\/\/focuse.uwr.edu.pl\/wp-content\/uploads\/sites\/628\/2025\/02\/Warzywa-1024x576.png\" \/>\n\t<meta property=\"og:image:width\" content=\"1024\" \/>\n\t<meta property=\"og:image:height\" content=\"576\" \/>\n\t<meta property=\"og:image:type\" content=\"image\/png\" \/>\n<meta name=\"twitter:card\" content=\"summary_large_image\" \/>\n<meta name=\"twitter:label1\" content=\"Szacowany czas czytania\" \/>\n\t<meta name=\"twitter:data1\" content=\"1 minuta\" \/>\n<script type=\"application\/ld+json\" class=\"yoast-schema-graph\">{\"@context\":\"https:\/\/schema.org\",\"@graph\":[{\"@type\":\"WebPage\",\"@id\":\"https:\/\/focuse.uwr.edu.pl\/pl\/artykulyy\/raport-z-wywiadow-z-mieszkancami\/\",\"url\":\"https:\/\/focuse.uwr.edu.pl\/pl\/artykulyy\/raport-z-wywiadow-z-mieszkancami\/\",\"name\":\"Raport z wywiad\u00f3w z mieszka\u0144cami - FOCUSE\",\"isPartOf\":{\"@id\":\"https:\/\/focuse.uwr.edu.pl\/#website\"},\"primaryImageOfPage\":{\"@id\":\"https:\/\/focuse.uwr.edu.pl\/pl\/artykulyy\/raport-z-wywiadow-z-mieszkancami\/#primaryimage\"},\"image\":{\"@id\":\"https:\/\/focuse.uwr.edu.pl\/pl\/artykulyy\/raport-z-wywiadow-z-mieszkancami\/#primaryimage\"},\"thumbnailUrl\":\"https:\/\/focuse.uwr.edu.pl\/wp-content\/uploads\/sites\/628\/2025\/02\/Warzywa.png\",\"datePublished\":\"2025-02-03T10:52:56+00:00\",\"dateModified\":\"2025-02-11T09:00:14+00:00\",\"breadcrumb\":{\"@id\":\"https:\/\/focuse.uwr.edu.pl\/pl\/artykulyy\/raport-z-wywiadow-z-mieszkancami\/#breadcrumb\"},\"inLanguage\":\"pl-PL\",\"potentialAction\":[{\"@type\":\"ReadAction\",\"target\":[\"https:\/\/focuse.uwr.edu.pl\/pl\/artykulyy\/raport-z-wywiadow-z-mieszkancami\/\"]}]},{\"@type\":\"ImageObject\",\"inLanguage\":\"pl-PL\",\"@id\":\"https:\/\/focuse.uwr.edu.pl\/pl\/artykulyy\/raport-z-wywiadow-z-mieszkancami\/#primaryimage\",\"url\":\"https:\/\/focuse.uwr.edu.pl\/wp-content\/uploads\/sites\/628\/2025\/02\/Warzywa.png\",\"contentUrl\":\"https:\/\/focuse.uwr.edu.pl\/wp-content\/uploads\/sites\/628\/2025\/02\/Warzywa.png\",\"width\":1920,\"height\":1080},{\"@type\":\"BreadcrumbList\",\"@id\":\"https:\/\/focuse.uwr.edu.pl\/pl\/artykulyy\/raport-z-wywiadow-z-mieszkancami\/#breadcrumb\",\"itemListElement\":[{\"@type\":\"ListItem\",\"position\":1,\"name\":\"Strona g\u0142\u00f3wna\",\"item\":\"https:\/\/focuse.uwr.edu.pl\/pl\/\"},{\"@type\":\"ListItem\",\"position\":2,\"name\":\"Artyku\u0142y\",\"item\":\"https:\/\/focuse.uwr.edu.pl\/pl\/artykulyy\/\"},{\"@type\":\"ListItem\",\"position\":3,\"name\":\"Raport z wywiad\u00f3w z mieszka\u0144cami\"}]},{\"@type\":\"WebSite\",\"@id\":\"https:\/\/focuse.uwr.edu.pl\/#website\",\"url\":\"https:\/\/focuse.uwr.edu.pl\/\",\"name\":\"FOCUSE\",\"description\":\"Kolejna witryna sieci \u201eUWR Witryny\u201d\",\"publisher\":{\"@id\":\"https:\/\/focuse.uwr.edu.pl\/#organization\"},\"potentialAction\":[{\"@type\":\"SearchAction\",\"target\":{\"@type\":\"EntryPoint\",\"urlTemplate\":\"https:\/\/focuse.uwr.edu.pl\/?s={search_term_string}\"},\"query-input\":{\"@type\":\"PropertyValueSpecification\",\"valueRequired\":true,\"valueName\":\"search_term_string\"}}],\"inLanguage\":\"pl-PL\"},{\"@type\":\"Organization\",\"@id\":\"https:\/\/focuse.uwr.edu.pl\/#organization\",\"name\":\"FOCUSE\",\"url\":\"https:\/\/focuse.uwr.edu.pl\/\",\"logo\":{\"@type\":\"ImageObject\",\"inLanguage\":\"pl-PL\",\"@id\":\"https:\/\/focuse.uwr.edu.pl\/#\/schema\/logo\/image\/\",\"url\":\"https:\/\/focuse.uwr.edu.pl\/wp-content\/uploads\/sites\/628\/2025\/10\/Najnowsze-logo.webp\",\"contentUrl\":\"https:\/\/focuse.uwr.edu.pl\/wp-content\/uploads\/sites\/628\/2025\/10\/Najnowsze-logo.webp\",\"width\":919,\"height\":80,\"caption\":\"FOCUSE\"},\"image\":{\"@id\":\"https:\/\/focuse.uwr.edu.pl\/#\/schema\/logo\/image\/\"}}]}<\/script>\n<!-- \/ Yoast SEO plugin. -->","yoast_head_json":{"title":"Raport z wywiad\u00f3w z mieszka\u0144cami - FOCUSE","robots":{"index":"index","follow":"follow","max-snippet":"max-snippet:-1","max-image-preview":"max-image-preview:large","max-video-preview":"max-video-preview:-1"},"canonical":"https:\/\/focuse.uwr.edu.pl\/pl\/artykulyy\/raport-z-wywiadow-z-mieszkancami\/","og_locale":"pl_PL","og_type":"article","og_title":"Raport z wywiad\u00f3w z mieszka\u0144cami - FOCUSE","og_description":"Raport z wywiad\u00f3w z mieszka\u0144cami miast okre\u015blaj\u0105cych wzorce konsumpcji oraz praktyki zwi\u0105zane z upraw\u0105 warzyw, owoc\u00f3w i zi\u00f3\u0142 na terenach miejskich.","og_url":"https:\/\/focuse.uwr.edu.pl\/pl\/artykulyy\/raport-z-wywiadow-z-mieszkancami\/","og_site_name":"FOCUSE","article_modified_time":"2025-02-11T09:00:14+00:00","og_image":[{"width":1024,"height":576,"url":"https:\/\/focuse.uwr.edu.pl\/wp-content\/uploads\/sites\/628\/2025\/02\/Warzywa-1024x576.png","type":"image\/png"}],"twitter_card":"summary_large_image","twitter_misc":{"Szacowany czas czytania":"1 minuta"},"schema":{"@context":"https:\/\/schema.org","@graph":[{"@type":"WebPage","@id":"https:\/\/focuse.uwr.edu.pl\/pl\/artykulyy\/raport-z-wywiadow-z-mieszkancami\/","url":"https:\/\/focuse.uwr.edu.pl\/pl\/artykulyy\/raport-z-wywiadow-z-mieszkancami\/","name":"Raport z wywiad\u00f3w z mieszka\u0144cami - FOCUSE","isPartOf":{"@id":"https:\/\/focuse.uwr.edu.pl\/#website"},"primaryImageOfPage":{"@id":"https:\/\/focuse.uwr.edu.pl\/pl\/artykulyy\/raport-z-wywiadow-z-mieszkancami\/#primaryimage"},"image":{"@id":"https:\/\/focuse.uwr.edu.pl\/pl\/artykulyy\/raport-z-wywiadow-z-mieszkancami\/#primaryimage"},"thumbnailUrl":"https:\/\/focuse.uwr.edu.pl\/wp-content\/uploads\/sites\/628\/2025\/02\/Warzywa.png","datePublished":"2025-02-03T10:52:56+00:00","dateModified":"2025-02-11T09:00:14+00:00","breadcrumb":{"@id":"https:\/\/focuse.uwr.edu.pl\/pl\/artykulyy\/raport-z-wywiadow-z-mieszkancami\/#breadcrumb"},"inLanguage":"pl-PL","potentialAction":[{"@type":"ReadAction","target":["https:\/\/focuse.uwr.edu.pl\/pl\/artykulyy\/raport-z-wywiadow-z-mieszkancami\/"]}]},{"@type":"ImageObject","inLanguage":"pl-PL","@id":"https:\/\/focuse.uwr.edu.pl\/pl\/artykulyy\/raport-z-wywiadow-z-mieszkancami\/#primaryimage","url":"https:\/\/focuse.uwr.edu.pl\/wp-content\/uploads\/sites\/628\/2025\/02\/Warzywa.png","contentUrl":"https:\/\/focuse.uwr.edu.pl\/wp-content\/uploads\/sites\/628\/2025\/02\/Warzywa.png","width":1920,"height":1080},{"@type":"BreadcrumbList","@id":"https:\/\/focuse.uwr.edu.pl\/pl\/artykulyy\/raport-z-wywiadow-z-mieszkancami\/#breadcrumb","itemListElement":[{"@type":"ListItem","position":1,"name":"Strona g\u0142\u00f3wna","item":"https:\/\/focuse.uwr.edu.pl\/pl\/"},{"@type":"ListItem","position":2,"name":"Artyku\u0142y","item":"https:\/\/focuse.uwr.edu.pl\/pl\/artykulyy\/"},{"@type":"ListItem","position":3,"name":"Raport z wywiad\u00f3w z mieszka\u0144cami"}]},{"@type":"WebSite","@id":"https:\/\/focuse.uwr.edu.pl\/#website","url":"https:\/\/focuse.uwr.edu.pl\/","name":"FOCUSE","description":"Kolejna witryna sieci \u201eUWR Witryny\u201d","publisher":{"@id":"https:\/\/focuse.uwr.edu.pl\/#organization"},"potentialAction":[{"@type":"SearchAction","target":{"@type":"EntryPoint","urlTemplate":"https:\/\/focuse.uwr.edu.pl\/?s={search_term_string}"},"query-input":{"@type":"PropertyValueSpecification","valueRequired":true,"valueName":"search_term_string"}}],"inLanguage":"pl-PL"},{"@type":"Organization","@id":"https:\/\/focuse.uwr.edu.pl\/#organization","name":"FOCUSE","url":"https:\/\/focuse.uwr.edu.pl\/","logo":{"@type":"ImageObject","inLanguage":"pl-PL","@id":"https:\/\/focuse.uwr.edu.pl\/#\/schema\/logo\/image\/","url":"https:\/\/focuse.uwr.edu.pl\/wp-content\/uploads\/sites\/628\/2025\/10\/Najnowsze-logo.webp","contentUrl":"https:\/\/focuse.uwr.edu.pl\/wp-content\/uploads\/sites\/628\/2025\/10\/Najnowsze-logo.webp","width":919,"height":80,"caption":"FOCUSE"},"image":{"@id":"https:\/\/focuse.uwr.edu.pl\/#\/schema\/logo\/image\/"}}]}},"publishpress_future_action":{"enabled":false,"date":"2026-04-13 01:40:18","action":"change-status","newStatus":"draft","terms":[],"taxonomy":"category","extraData":[]},"publishpress_future_workflow_manual_trigger":{"enabledWorkflows":[]},"_links":{"self":[{"href":"https:\/\/focuse.uwr.edu.pl\/pl\/wp-json\/wp\/v2\/pages\/25369\/"}],"collection":[{"href":"https:\/\/focuse.uwr.edu.pl\/pl\/wp-json\/wp\/v2\/pages\/"}],"about":[{"href":"https:\/\/focuse.uwr.edu.pl\/pl\/wp-json\/wp\/v2\/types\/page\/"}],"author":[{"embeddable":true,"href":"https:\/\/focuse.uwr.edu.pl\/pl\/wp-json\/wp\/v2\/users\/37\/"}],"replies":[{"embeddable":true,"href":"https:\/\/focuse.uwr.edu.pl\/pl\/wp-json\/wp\/v2\/comments\/?post=25369"}],"version-history":[{"count":2,"href":"https:\/\/focuse.uwr.edu.pl\/pl\/wp-json\/wp\/v2\/pages\/25369\/revisions\/"}],"predecessor-version":[{"id":25993,"href":"https:\/\/focuse.uwr.edu.pl\/pl\/wp-json\/wp\/v2\/pages\/25369\/revisions\/25993\/"}],"up":[{"embeddable":true,"href":"https:\/\/focuse.uwr.edu.pl\/pl\/wp-json\/wp\/v2\/pages\/25273\/"}],"wp:featuredmedia":[{"embeddable":true,"href":"https:\/\/focuse.uwr.edu.pl\/pl\/wp-json\/wp\/v2\/media\/25381\/"}],"wp:attachment":[{"href":"https:\/\/focuse.uwr.edu.pl\/pl\/wp-json\/wp\/v2\/media\/?parent=25369"}],"wp:term":[{"taxonomy":"category","embeddable":true,"href":"https:\/\/focuse.uwr.edu.pl\/pl\/wp-json\/wp\/v2\/categories\/?post=25369"},{"taxonomy":"post_tag","embeddable":true,"href":"https:\/\/focuse.uwr.edu.pl\/pl\/wp-json\/wp\/v2\/tags\/?post=25369"}],"curies":[{"name":"wp","href":"https:\/\/api.w.org\/{rel}","templated":true}]}}