{"id":26242,"date":"2025-07-01T09:50:47","date_gmt":"2025-07-01T07:50:47","guid":{"rendered":"https:\/\/focuse.uwr.edu.pl\/?page_id=26242"},"modified":"2025-12-16T12:22:35","modified_gmt":"2025-12-16T11:22:35","slug":"dane-i-informacje-do-miejskich-badan-morfologicznych","status":"publish","type":"page","link":"https:\/\/focuse.uwr.edu.pl\/pl\/artykulyy\/dane-i-informacje-do-miejskich-badan-morfologicznych\/","title":{"rendered":"Dane i informacje do miejskich badan\u0301 morfologicznych"},"content":{"rendered":"\n<div class=\"alignfull wp-block-ugb-container ugb-container bs-konferencje-akordeony ugb-12c4a27 ugb-container--v2 ugb-container--design-plain ugb-main-block\"><style>@media screen and (min-width:768px){.ugb-12c4a27.ugb-container{margin-bottom:0px !important;padding-right:0px !important;padding-bottom:50px !important;padding-left:0px !important}}@media screen and (min-width:768px){.ugb-12c4a27 > .ugb-inner-block > .ugb-block-content > *{padding-top:0px !important;padding-bottom:0px !important;padding-right:0px !important;padding-left:0px !important}}<\/style><div class=\"ugb-inner-block\"><div class=\"ugb-block-content\"><div class=\"ugb-container__wrapper ugb-12c4a27-wrapper\"><div class=\"ugb-container__side\"><div class=\"ugb-container__content-wrapper ugb-12c4a27-content-wrapper\">\n<div class=\"wp-block-media-text alignwide is-stacked-on-mobile is-vertically-aligned-top is-image-fill-element bs-naglowek-szablonu-kolumny\"><figure class=\"wp-block-media-text__media\"><img loading=\"lazy\" decoding=\"async\" width=\"1024\" height=\"576\" src=\"https:\/\/focuse.uwr.edu.pl\/wp-content\/uploads\/sites\/628\/2025\/07\/Miasto-noca-1024x576.png\" alt=\"Miasto noc\u0105\" class=\"wp-image-26257 size-full\" style=\"object-position:50% 50%\" srcset=\"https:\/\/focuse.uwr.edu.pl\/wp-content\/uploads\/sites\/628\/2025\/07\/Miasto-noca-1024x576.png 1024w, https:\/\/focuse.uwr.edu.pl\/wp-content\/uploads\/sites\/628\/2025\/07\/Miasto-noca-300x169.png 300w, https:\/\/focuse.uwr.edu.pl\/wp-content\/uploads\/sites\/628\/2025\/07\/Miasto-noca-768x432.png 768w, https:\/\/focuse.uwr.edu.pl\/wp-content\/uploads\/sites\/628\/2025\/07\/Miasto-noca-1536x864.png 1536w, https:\/\/focuse.uwr.edu.pl\/wp-content\/uploads\/sites\/628\/2025\/07\/Miasto-noca-2048x1152.png 2048w, https:\/\/focuse.uwr.edu.pl\/wp-content\/uploads\/sites\/628\/2025\/07\/Miasto-noca-24x14.png 24w, https:\/\/focuse.uwr.edu.pl\/wp-content\/uploads\/sites\/628\/2025\/07\/Miasto-noca-36x20.png 36w, https:\/\/focuse.uwr.edu.pl\/wp-content\/uploads\/sites\/628\/2025\/07\/Miasto-noca-48x27.png 48w\" sizes=\"auto, (max-width: 1024px) 100vw, 1024px\" \/><\/figure><div class=\"wp-block-media-text__content\">\n<div class=\"wp-block-bonasoft-modular-breadcrumbs-block\"><div class=\"bs_add_breadcrumb_trail\"><\/div><\/div>\n\n\n\n<hr class=\"wp-block-separator has-text-color has-black-color has-css-opacity has-black-background-color has-background is-style-wide bs-border-kontakt\"\/>\n\n\n<h1 style=\"font-style:normal;font-weight:700;\" class=\"bs-naglowek-podstrony wp-block-post-title\">Dane i informacje do miejskich badan\u0301 morfologicznych<\/h1>\n\n\n<div style=\"height:50px\" aria-hidden=\"true\" class=\"wp-block-spacer\"><\/div>\n\n\n<div class=\"bs__links\">\r\n    <div class=\"bs__links__section\">\r\n        <ul class=\"bs__links__list\">\r\n                            <li class=\"bs__links__list__item\">\r\n                    <a href=\"https:\/\/doi.org\/10.34616\/151587\" class=\"bs__links__list__item__link\">\r\n                        Raport: Dane i informacje do miejskich bada\u0144 morfologicznych (DOI) \r\n                        <div class=\"bs__links__list__item__link__before__icon\">\r\n                            <div class=\"bs__links__list__item__link__icon\">\r\n                                <svg width=\"40px\" height=\"40px\" viewBox=\"0 0 22 16\" version=\"1.1\">\r\n                                <g stroke=\"none\" strokeWidth=\"1\" fill=\"black\" fillRule=\"evenodd\">\r\n                                    <g>\r\n                                    <polygon points=\"13.4875 0 12 1.6215 18.7875 8 12 14.3795 13.4875 16 21.9995 8\" \/>\r\n                                    <\/g>\r\n                                <\/g>\r\n                                <\/svg>\r\n                            <\/div>\r\n                        <\/div>\r\n                    <\/a>\r\n                <li>\r\n                    <\/ul>\r\n    <\/div>\r\n<\/div><\/div><\/div>\n\n\n\n<div class=\"wp-block-ugb-container ugb-container bs-strona-konferencje ugb-002ab8b ugb-container--v2 ugb-container--design-plain ugb-main-block\"><style>@media screen and (min-width:768px){.ugb-002ab8b.ugb-container{margin-bottom:0% !important;margin-right:6% !important;margin-left:6% !important}}@media screen and (min-width:768px){.ugb-002ab8b > .ugb-inner-block > .ugb-block-content > *{padding-top:0px !important;padding-bottom:0px !important;padding-right:0px !important;padding-left:0px !important}}<\/style><div class=\"ugb-inner-block\"><div class=\"ugb-block-content\"><div class=\"ugb-container__wrapper ugb-002ab8b-wrapper\"><div class=\"ugb-container__side\"><div class=\"ugb-container__content-wrapper ugb-002ab8b-content-wrapper\">\n<p>Raport \u201eDane i informacje do miejskich bada\u0144 morfologicznych\u201d ma charakter metodologiczno-przegl\u0105dowy i koncentruje si\u0119 na problematyce danych wykorzystywanych w badaniach morfologii miast.Jego celem jest systematyzacja oraz ocena przydatno\u015bci r\u00f3\u017cnych \u017ar\u00f3de\u0142 informacji do analiz struktury przestrzennej i formy urbanistycznej.W opracowaniu om\u00f3wiono podstawowe typy danych, w tym kartograficzne, geodezyjne, planistyczne, statystyczne i archiwalne. Szczeg\u00f3ln\u0105 uwag\u0119 po\u015bwi\u0119cono danym historycznym jako kluczowym dla analiz przemian morfologicznych w uj\u0119ciu czasowym.Autorzy wskazuj\u0105 r\u00f3wnie\u017c na rosn\u0105c\u0105 rol\u0119 wsp\u00f3\u0142czesnych danych cyfrowych i narz\u0119dzi GIS w badaniach miejskich.Raport identyfikuje g\u0142\u00f3wne instytucjonalne i otwarte \u017ar\u00f3d\u0142a danych wykorzystywane w analizach morfologicznych.Oceniana jest ich dost\u0119pno\u015b\u0107, dok\u0142adno\u015b\u0107, aktualno\u015b\u0107 oraz ograniczenia metodologiczne.Podkre\u015blono znaczenie skali i jako\u015bci danych dla wiarygodno\u015bci wynik\u00f3w bada\u0144.Istotnym zagadnieniem jest integracja danych ilo\u015bciowych i jako\u015bciowych w analizach formy miasta.Publikacja pe\u0142ni funkcj\u0119 praktycznego przewodnika wspieraj\u0105cego planowanie i realizacj\u0119 bada\u0144 morfologicznych.<\/p>\n\n\n\n<figure class=\"wp-block-image aligncenter size-full\"><img loading=\"lazy\" decoding=\"async\" width=\"595\" height=\"842\" src=\"https:\/\/focuse.uwr.edu.pl\/wp-content\/uploads\/sites\/628\/2025\/07\/Raport-badania-morfologiczne-1.jpg\" alt=\"Plakat\" class=\"wp-image-26245\" srcset=\"https:\/\/focuse.uwr.edu.pl\/wp-content\/uploads\/sites\/628\/2025\/07\/Raport-badania-morfologiczne-1.jpg 595w, https:\/\/focuse.uwr.edu.pl\/wp-content\/uploads\/sites\/628\/2025\/07\/Raport-badania-morfologiczne-1-212x300.jpg 212w, https:\/\/focuse.uwr.edu.pl\/wp-content\/uploads\/sites\/628\/2025\/07\/Raport-badania-morfologiczne-1-17x24.jpg 17w, https:\/\/focuse.uwr.edu.pl\/wp-content\/uploads\/sites\/628\/2025\/07\/Raport-badania-morfologiczne-1-25x36.jpg 25w, https:\/\/focuse.uwr.edu.pl\/wp-content\/uploads\/sites\/628\/2025\/07\/Raport-badania-morfologiczne-1-34x48.jpg 34w\" sizes=\"auto, (max-width: 595px) 100vw, 595px\" \/><\/figure>\n<\/div><\/div><\/div><\/div><\/div><\/div>\n<\/div><\/div><\/div><\/div><\/div><\/div>\n","protected":false},"excerpt":{"rendered":"<p>Projekt FOCUSE ma na celu rozw\u00f3j i integracj\u0119 miejskich system\u00f3w \u017cywno\u015bciowych w duchu gospodarki o obiegu zamkni\u0119tym (Circular Food Systems \u2013 CRFS). <\/p>\n","protected":false},"author":37,"featured_media":26257,"parent":25273,"menu_order":0,"comment_status":"closed","ping_status":"closed","template":"","meta":{"_acf_changed":false,"inline_featured_image":false,"site-sidebar-layout":"default","site-content-layout":"","ast-site-content-layout":"default","site-content-style":"default","site-sidebar-style":"default","ast-global-header-display":"","ast-banner-title-visibility":"","ast-main-header-display":"","ast-hfb-above-header-display":"","ast-hfb-below-header-display":"","ast-hfb-mobile-header-display":"","site-post-title":"","ast-breadcrumbs-content":"","ast-featured-img":"","footer-sml-layout":"","ast-disable-related-posts":"","theme-transparent-header-meta":"","adv-header-id-meta":"","stick-header-meta":"","header-above-stick-meta":"","header-main-stick-meta":"","header-below-stick-meta":"","astra-migrate-meta-layouts":"set","ast-page-background-enabled":"default","ast-page-background-meta":{"desktop":{"background-color":"","background-image":"","background-repeat":"repeat","background-position":"center center","background-size":"auto","background-attachment":"scroll","background-type":"","background-media":"","overlay-type":"","overlay-color":"","overlay-opacity":"","overlay-gradient":""},"tablet":{"background-color":"","background-image":"","background-repeat":"repeat","background-position":"center center","background-size":"auto","background-attachment":"scroll","background-type":"","background-media":"","overlay-type":"","overlay-color":"","overlay-opacity":"","overlay-gradient":""},"mobile":{"background-color":"","background-image":"","background-repeat":"repeat","background-position":"center center","background-size":"auto","background-attachment":"scroll","background-type":"","background-media":"","overlay-type":"","overlay-color":"","overlay-opacity":"","overlay-gradient":""}},"ast-content-background-meta":{"desktop":{"background-color":"var(--ast-global-color-5)","background-image":"","background-repeat":"repeat","background-position":"center center","background-size":"auto","background-attachment":"scroll","background-type":"","background-media":"","overlay-type":"","overlay-color":"","overlay-opacity":"","overlay-gradient":""},"tablet":{"background-color":"var(--ast-global-color-5)","background-image":"","background-repeat":"repeat","background-position":"center center","background-size":"auto","background-attachment":"scroll","background-type":"","background-media":"","overlay-type":"","overlay-color":"","overlay-opacity":"","overlay-gradient":""},"mobile":{"background-color":"var(--ast-global-color-5)","background-image":"","background-repeat":"repeat","background-position":"center center","background-size":"auto","background-attachment":"scroll","background-type":"","background-media":"","overlay-type":"","overlay-color":"","overlay-opacity":"","overlay-gradient":""}},"footnotes":""},"categories":[224],"tags":[],"class_list":["post-26242","page","type-page","status-publish","has-post-thumbnail","hentry","category-artykuly"],"featured_image_urls_v2":{"full":["https:\/\/focuse.uwr.edu.pl\/wp-content\/uploads\/sites\/628\/2025\/07\/Miasto-noca.png",2160,1215,false],"thumbnail":["https:\/\/focuse.uwr.edu.pl\/wp-content\/uploads\/sites\/628\/2025\/07\/Miasto-noca-150x150.png",150,150,true],"medium":["https:\/\/focuse.uwr.edu.pl\/wp-content\/uploads\/sites\/628\/2025\/07\/Miasto-noca-300x169.png",300,169,true],"medium_large":["https:\/\/focuse.uwr.edu.pl\/wp-content\/uploads\/sites\/628\/2025\/07\/Miasto-noca-768x432.png",768,432,true],"large":["https:\/\/focuse.uwr.edu.pl\/wp-content\/uploads\/sites\/628\/2025\/07\/Miasto-noca-1024x576.png",1024,576,true],"1536x1536":["https:\/\/focuse.uwr.edu.pl\/wp-content\/uploads\/sites\/628\/2025\/07\/Miasto-noca-1536x864.png",1536,864,true],"2048x2048":["https:\/\/focuse.uwr.edu.pl\/wp-content\/uploads\/sites\/628\/2025\/07\/Miasto-noca-2048x1152.png",2048,1152,true],"menu-24x24":["https:\/\/focuse.uwr.edu.pl\/wp-content\/uploads\/sites\/628\/2025\/07\/Miasto-noca-24x14.png",24,14,true],"menu-36x36":["https:\/\/focuse.uwr.edu.pl\/wp-content\/uploads\/sites\/628\/2025\/07\/Miasto-noca-36x20.png",36,20,true],"menu-48x48":["https:\/\/focuse.uwr.edu.pl\/wp-content\/uploads\/sites\/628\/2025\/07\/Miasto-noca-48x27.png",48,27,true]},"post_excerpt_stackable_v2":"<p>Projekt FOCUSE ma na celu rozw\u00f3j i integracj\u0119 miejskich system\u00f3w \u017cywno\u015bciowych w duchu gospodarki o obiegu zamkni\u0119tym (Circular Food Systems \u2013 CRFS). <\/p>\n","category_list_v2":"<a href=\"https:\/\/focuse.uwr.edu.pl\/pl\/category\/artykuly\/\" rel=\"category tag\">Artyku\u0142y<\/a>","author_info_v2":{"name":"Izabela Jaraszek","url":"https:\/\/focuse.uwr.edu.pl\/pl\/author\/ijaraszek\/"},"comments_num_v2":"0 comments","acf":[],"yoast_head":"<!-- This site is optimized with the Yoast SEO plugin v27.1.1 - https:\/\/yoast.com\/product\/yoast-seo-wordpress\/ -->\n<title>Dane i informacje do miejskich badan\u0301 morfologicznych - FOCUSE<\/title>\n<meta name=\"robots\" content=\"index, follow, max-snippet:-1, max-image-preview:large, max-video-preview:-1\" \/>\n<link rel=\"canonical\" href=\"https:\/\/focuse.uwr.edu.pl\/pl\/artykulyy\/dane-i-informacje-do-miejskich-badan-morfologicznych\/\" \/>\n<meta property=\"og:locale\" content=\"pl_PL\" \/>\n<meta property=\"og:type\" content=\"article\" \/>\n<meta property=\"og:title\" content=\"Dane i informacje do miejskich badan\u0301 morfologicznych - FOCUSE\" \/>\n<meta property=\"og:description\" content=\"Projekt FOCUSE ma na celu rozw\u00f3j i integracj\u0119 miejskich system\u00f3w \u017cywno\u015bciowych w duchu gospodarki o obiegu zamkni\u0119tym (Circular Food Systems \u2013 CRFS).\" \/>\n<meta property=\"og:url\" content=\"https:\/\/focuse.uwr.edu.pl\/pl\/artykulyy\/dane-i-informacje-do-miejskich-badan-morfologicznych\/\" \/>\n<meta property=\"og:site_name\" content=\"FOCUSE\" \/>\n<meta property=\"article:modified_time\" content=\"2025-12-16T11:22:35+00:00\" \/>\n<meta property=\"og:image\" content=\"https:\/\/focuse.uwr.edu.pl\/wp-content\/uploads\/sites\/628\/2025\/07\/Miasto-noca-1024x576.png\" \/>\n\t<meta property=\"og:image:width\" content=\"1024\" \/>\n\t<meta property=\"og:image:height\" content=\"576\" \/>\n\t<meta property=\"og:image:type\" content=\"image\/png\" \/>\n<meta name=\"twitter:card\" content=\"summary_large_image\" \/>\n<meta name=\"twitter:label1\" content=\"Szacowany czas czytania\" \/>\n\t<meta name=\"twitter:data1\" content=\"2 minuty\" \/>\n<script type=\"application\/ld+json\" class=\"yoast-schema-graph\">{\"@context\":\"https:\/\/schema.org\",\"@graph\":[{\"@type\":\"WebPage\",\"@id\":\"https:\/\/focuse.uwr.edu.pl\/pl\/artykulyy\/dane-i-informacje-do-miejskich-badan-morfologicznych\/\",\"url\":\"https:\/\/focuse.uwr.edu.pl\/pl\/artykulyy\/dane-i-informacje-do-miejskich-badan-morfologicznych\/\",\"name\":\"Dane i informacje do miejskich badan\u0301 morfologicznych - FOCUSE\",\"isPartOf\":{\"@id\":\"https:\/\/focuse.uwr.edu.pl\/#website\"},\"primaryImageOfPage\":{\"@id\":\"https:\/\/focuse.uwr.edu.pl\/pl\/artykulyy\/dane-i-informacje-do-miejskich-badan-morfologicznych\/#primaryimage\"},\"image\":{\"@id\":\"https:\/\/focuse.uwr.edu.pl\/pl\/artykulyy\/dane-i-informacje-do-miejskich-badan-morfologicznych\/#primaryimage\"},\"thumbnailUrl\":\"https:\/\/focuse.uwr.edu.pl\/wp-content\/uploads\/sites\/628\/2025\/07\/Miasto-noca.png\",\"datePublished\":\"2025-07-01T07:50:47+00:00\",\"dateModified\":\"2025-12-16T11:22:35+00:00\",\"breadcrumb\":{\"@id\":\"https:\/\/focuse.uwr.edu.pl\/pl\/artykulyy\/dane-i-informacje-do-miejskich-badan-morfologicznych\/#breadcrumb\"},\"inLanguage\":\"pl-PL\",\"potentialAction\":[{\"@type\":\"ReadAction\",\"target\":[\"https:\/\/focuse.uwr.edu.pl\/pl\/artykulyy\/dane-i-informacje-do-miejskich-badan-morfologicznych\/\"]}]},{\"@type\":\"ImageObject\",\"inLanguage\":\"pl-PL\",\"@id\":\"https:\/\/focuse.uwr.edu.pl\/pl\/artykulyy\/dane-i-informacje-do-miejskich-badan-morfologicznych\/#primaryimage\",\"url\":\"https:\/\/focuse.uwr.edu.pl\/wp-content\/uploads\/sites\/628\/2025\/07\/Miasto-noca.png\",\"contentUrl\":\"https:\/\/focuse.uwr.edu.pl\/wp-content\/uploads\/sites\/628\/2025\/07\/Miasto-noca.png\",\"width\":2160,\"height\":1215,\"caption\":\"Miasto noc\u0105\"},{\"@type\":\"BreadcrumbList\",\"@id\":\"https:\/\/focuse.uwr.edu.pl\/pl\/artykulyy\/dane-i-informacje-do-miejskich-badan-morfologicznych\/#breadcrumb\",\"itemListElement\":[{\"@type\":\"ListItem\",\"position\":1,\"name\":\"Strona g\u0142\u00f3wna\",\"item\":\"https:\/\/focuse.uwr.edu.pl\/pl\/\"},{\"@type\":\"ListItem\",\"position\":2,\"name\":\"Artyku\u0142y\",\"item\":\"https:\/\/focuse.uwr.edu.pl\/pl\/artykulyy\/\"},{\"@type\":\"ListItem\",\"position\":3,\"name\":\"Dane i informacje do miejskich badan\u0301 morfologicznych\"}]},{\"@type\":\"WebSite\",\"@id\":\"https:\/\/focuse.uwr.edu.pl\/#website\",\"url\":\"https:\/\/focuse.uwr.edu.pl\/\",\"name\":\"FOCUSE\",\"description\":\"Kolejna witryna sieci \u201eUWR Witryny\u201d\",\"publisher\":{\"@id\":\"https:\/\/focuse.uwr.edu.pl\/#organization\"},\"potentialAction\":[{\"@type\":\"SearchAction\",\"target\":{\"@type\":\"EntryPoint\",\"urlTemplate\":\"https:\/\/focuse.uwr.edu.pl\/?s={search_term_string}\"},\"query-input\":{\"@type\":\"PropertyValueSpecification\",\"valueRequired\":true,\"valueName\":\"search_term_string\"}}],\"inLanguage\":\"pl-PL\"},{\"@type\":\"Organization\",\"@id\":\"https:\/\/focuse.uwr.edu.pl\/#organization\",\"name\":\"FOCUSE\",\"url\":\"https:\/\/focuse.uwr.edu.pl\/\",\"logo\":{\"@type\":\"ImageObject\",\"inLanguage\":\"pl-PL\",\"@id\":\"https:\/\/focuse.uwr.edu.pl\/#\/schema\/logo\/image\/\",\"url\":\"https:\/\/focuse.uwr.edu.pl\/wp-content\/uploads\/sites\/628\/2025\/10\/Najnowsze-logo.webp\",\"contentUrl\":\"https:\/\/focuse.uwr.edu.pl\/wp-content\/uploads\/sites\/628\/2025\/10\/Najnowsze-logo.webp\",\"width\":919,\"height\":80,\"caption\":\"FOCUSE\"},\"image\":{\"@id\":\"https:\/\/focuse.uwr.edu.pl\/#\/schema\/logo\/image\/\"}}]}<\/script>\n<!-- \/ Yoast SEO plugin. -->","yoast_head_json":{"title":"Dane i informacje do miejskich badan\u0301 morfologicznych - FOCUSE","robots":{"index":"index","follow":"follow","max-snippet":"max-snippet:-1","max-image-preview":"max-image-preview:large","max-video-preview":"max-video-preview:-1"},"canonical":"https:\/\/focuse.uwr.edu.pl\/pl\/artykulyy\/dane-i-informacje-do-miejskich-badan-morfologicznych\/","og_locale":"pl_PL","og_type":"article","og_title":"Dane i informacje do miejskich badan\u0301 morfologicznych - FOCUSE","og_description":"Projekt FOCUSE ma na celu rozw\u00f3j i integracj\u0119 miejskich system\u00f3w \u017cywno\u015bciowych w duchu gospodarki o obiegu zamkni\u0119tym (Circular Food Systems \u2013 CRFS).","og_url":"https:\/\/focuse.uwr.edu.pl\/pl\/artykulyy\/dane-i-informacje-do-miejskich-badan-morfologicznych\/","og_site_name":"FOCUSE","article_modified_time":"2025-12-16T11:22:35+00:00","og_image":[{"width":1024,"height":576,"url":"https:\/\/focuse.uwr.edu.pl\/wp-content\/uploads\/sites\/628\/2025\/07\/Miasto-noca-1024x576.png","type":"image\/png"}],"twitter_card":"summary_large_image","twitter_misc":{"Szacowany czas czytania":"2 minuty"},"schema":{"@context":"https:\/\/schema.org","@graph":[{"@type":"WebPage","@id":"https:\/\/focuse.uwr.edu.pl\/pl\/artykulyy\/dane-i-informacje-do-miejskich-badan-morfologicznych\/","url":"https:\/\/focuse.uwr.edu.pl\/pl\/artykulyy\/dane-i-informacje-do-miejskich-badan-morfologicznych\/","name":"Dane i informacje do miejskich badan\u0301 morfologicznych - FOCUSE","isPartOf":{"@id":"https:\/\/focuse.uwr.edu.pl\/#website"},"primaryImageOfPage":{"@id":"https:\/\/focuse.uwr.edu.pl\/pl\/artykulyy\/dane-i-informacje-do-miejskich-badan-morfologicznych\/#primaryimage"},"image":{"@id":"https:\/\/focuse.uwr.edu.pl\/pl\/artykulyy\/dane-i-informacje-do-miejskich-badan-morfologicznych\/#primaryimage"},"thumbnailUrl":"https:\/\/focuse.uwr.edu.pl\/wp-content\/uploads\/sites\/628\/2025\/07\/Miasto-noca.png","datePublished":"2025-07-01T07:50:47+00:00","dateModified":"2025-12-16T11:22:35+00:00","breadcrumb":{"@id":"https:\/\/focuse.uwr.edu.pl\/pl\/artykulyy\/dane-i-informacje-do-miejskich-badan-morfologicznych\/#breadcrumb"},"inLanguage":"pl-PL","potentialAction":[{"@type":"ReadAction","target":["https:\/\/focuse.uwr.edu.pl\/pl\/artykulyy\/dane-i-informacje-do-miejskich-badan-morfologicznych\/"]}]},{"@type":"ImageObject","inLanguage":"pl-PL","@id":"https:\/\/focuse.uwr.edu.pl\/pl\/artykulyy\/dane-i-informacje-do-miejskich-badan-morfologicznych\/#primaryimage","url":"https:\/\/focuse.uwr.edu.pl\/wp-content\/uploads\/sites\/628\/2025\/07\/Miasto-noca.png","contentUrl":"https:\/\/focuse.uwr.edu.pl\/wp-content\/uploads\/sites\/628\/2025\/07\/Miasto-noca.png","width":2160,"height":1215,"caption":"Miasto noc\u0105"},{"@type":"BreadcrumbList","@id":"https:\/\/focuse.uwr.edu.pl\/pl\/artykulyy\/dane-i-informacje-do-miejskich-badan-morfologicznych\/#breadcrumb","itemListElement":[{"@type":"ListItem","position":1,"name":"Strona g\u0142\u00f3wna","item":"https:\/\/focuse.uwr.edu.pl\/pl\/"},{"@type":"ListItem","position":2,"name":"Artyku\u0142y","item":"https:\/\/focuse.uwr.edu.pl\/pl\/artykulyy\/"},{"@type":"ListItem","position":3,"name":"Dane i informacje do miejskich badan\u0301 morfologicznych"}]},{"@type":"WebSite","@id":"https:\/\/focuse.uwr.edu.pl\/#website","url":"https:\/\/focuse.uwr.edu.pl\/","name":"FOCUSE","description":"Kolejna witryna sieci \u201eUWR Witryny\u201d","publisher":{"@id":"https:\/\/focuse.uwr.edu.pl\/#organization"},"potentialAction":[{"@type":"SearchAction","target":{"@type":"EntryPoint","urlTemplate":"https:\/\/focuse.uwr.edu.pl\/?s={search_term_string}"},"query-input":{"@type":"PropertyValueSpecification","valueRequired":true,"valueName":"search_term_string"}}],"inLanguage":"pl-PL"},{"@type":"Organization","@id":"https:\/\/focuse.uwr.edu.pl\/#organization","name":"FOCUSE","url":"https:\/\/focuse.uwr.edu.pl\/","logo":{"@type":"ImageObject","inLanguage":"pl-PL","@id":"https:\/\/focuse.uwr.edu.pl\/#\/schema\/logo\/image\/","url":"https:\/\/focuse.uwr.edu.pl\/wp-content\/uploads\/sites\/628\/2025\/10\/Najnowsze-logo.webp","contentUrl":"https:\/\/focuse.uwr.edu.pl\/wp-content\/uploads\/sites\/628\/2025\/10\/Najnowsze-logo.webp","width":919,"height":80,"caption":"FOCUSE"},"image":{"@id":"https:\/\/focuse.uwr.edu.pl\/#\/schema\/logo\/image\/"}}]}},"publishpress_future_action":{"enabled":false,"date":"2026-04-13 01:30:18","action":"change-status","newStatus":"draft","terms":[],"taxonomy":"category","extraData":[]},"publishpress_future_workflow_manual_trigger":{"enabledWorkflows":[]},"_links":{"self":[{"href":"https:\/\/focuse.uwr.edu.pl\/pl\/wp-json\/wp\/v2\/pages\/26242\/"}],"collection":[{"href":"https:\/\/focuse.uwr.edu.pl\/pl\/wp-json\/wp\/v2\/pages\/"}],"about":[{"href":"https:\/\/focuse.uwr.edu.pl\/pl\/wp-json\/wp\/v2\/types\/page\/"}],"author":[{"embeddable":true,"href":"https:\/\/focuse.uwr.edu.pl\/pl\/wp-json\/wp\/v2\/users\/37\/"}],"replies":[{"embeddable":true,"href":"https:\/\/focuse.uwr.edu.pl\/pl\/wp-json\/wp\/v2\/comments\/?post=26242"}],"version-history":[{"count":3,"href":"https:\/\/focuse.uwr.edu.pl\/pl\/wp-json\/wp\/v2\/pages\/26242\/revisions\/"}],"predecessor-version":[{"id":26521,"href":"https:\/\/focuse.uwr.edu.pl\/pl\/wp-json\/wp\/v2\/pages\/26242\/revisions\/26521\/"}],"up":[{"embeddable":true,"href":"https:\/\/focuse.uwr.edu.pl\/pl\/wp-json\/wp\/v2\/pages\/25273\/"}],"wp:featuredmedia":[{"embeddable":true,"href":"https:\/\/focuse.uwr.edu.pl\/pl\/wp-json\/wp\/v2\/media\/26257\/"}],"wp:attachment":[{"href":"https:\/\/focuse.uwr.edu.pl\/pl\/wp-json\/wp\/v2\/media\/?parent=26242"}],"wp:term":[{"taxonomy":"category","embeddable":true,"href":"https:\/\/focuse.uwr.edu.pl\/pl\/wp-json\/wp\/v2\/categories\/?post=26242"},{"taxonomy":"post_tag","embeddable":true,"href":"https:\/\/focuse.uwr.edu.pl\/pl\/wp-json\/wp\/v2\/tags\/?post=26242"}],"curies":[{"name":"wp","href":"https:\/\/api.w.org\/{rel}","templated":true}]}}