{"id":26401,"date":"2025-08-26T12:36:29","date_gmt":"2025-08-26T10:36:29","guid":{"rendered":"https:\/\/focuse.uwr.edu.pl\/?page_id=26401"},"modified":"2025-08-26T13:01:52","modified_gmt":"2025-08-26T11:01:52","slug":"deklaracja-dostepnosci-2","status":"publish","type":"page","link":"https:\/\/focuse.uwr.edu.pl\/pl\/deklaracja-dostepnosci-2\/","title":{"rendered":"Deklaracja dost\u0119pno\u015bci"},"content":{"rendered":"\n<div class=\"wp-block-bonasoft-modular-breadcrumbs-block\"><div class=\"bs_add_breadcrumb_trail\"><\/div><\/div>\n\n\n\n<h1 class=\"wp-block-heading has-text-align-center\"><strong>Deklaracja dost\u0119pno\u015bci<\/strong><\/h1>\n\n\n\n<div style=\"height:100px\" aria-hidden=\"true\" class=\"wp-block-spacer\"><\/div>\n\n\n\n<p id=\"a11y-wstep\"><strong id=\"a11y-podmiot\">Uniwersytet Wroc\u0142awski <\/strong>zobowi\u0105zuje si\u0119 zapewni\u0107 dost\u0119pno\u015b\u0107 swojej strony internetowej zgodnie z przepisami ustawy z dnia 4 kwietnia 2019 r. o dost\u0119pno\u015bci cyfrowej stron internetowych i aplikacji mobilnych podmiot\u00f3w publicznych.<\/p>\n\n\n\n<p>Deklaracja dost\u0119pno\u015bci dotyczy strony internetowej <a href=\"https:\/\/focuse.uwr.edu.pl\/\" id=\"a11y-url\">https:\/\/focuse.uwr.edu.pl\/<\/a>.<\/p>\n\n\n\n<ul class=\"wp-block-list\">\n<li><p id=\"a11y-data-publikacji\">Data publikacji strony internetowej: <strong>2024-07-04<\/strong><\/p><\/li>\n\n\n\n<li><p id=\"a11y-data-aktualizacja\">Data ostatniej istotnej aktualizacji: <strong>2025-03-27<\/strong><\/p><\/li>\n<\/ul>\n\n\n\n<div style=\"height:50px\" aria-hidden=\"true\" class=\"wp-block-spacer\"><\/div>\n\n\n\n<h2 class=\"wp-block-heading\" id=\"a11y-status\"><strong>Stan dost\u0119pno\u015bci cyfrowej<\/strong><\/h2>\n\n\n\n<p><strong>Strona internetowa jest cz\u0119\u015bciowo zgodna <\/strong>z za\u0142\u0105cznikiem do ustawy z dnia 4 kwietnia 2019 r. o dost\u0119pno\u015bci cyfrowej stron internetowych i aplikacji mobilnych podmiot\u00f3w publicznych z powodu niezgodno\u015bci lub wy\u0142\u0105cze\u0144 wymienionych poni\u017cej.<\/p>\n\n\n\n<div style=\"height:50px\" aria-hidden=\"true\" class=\"wp-block-spacer\"><\/div>\n\n\n\n<h2 class=\"wp-block-heading\"><strong>Niedost\u0119pne tre\u015bci<\/strong><\/h2>\n\n\n\n<p><strong>Zmiana rozmiaru tekstu<\/strong><br>Przy powi\u0119kszeniu widoku strony do 200% niekt\u00f3re tre\u015bci s\u0105 niedost\u0119pne. Strony na mniejszych urz\u0105dzeniach przy tak du\u017cym powi\u0119kszeniu otwieraj\u0105 si\u0119 w trybie wersji mobilnej.<\/p>\n\n\n\n<p><strong>Poruszaj\u0105ce si\u0119 elementy<\/strong><br>Na niekt\u00f3rych stronach wyst\u0119puje banner, kt\u00f3ry zmienia slajdy niezale\u017cnie od u\u017cytkownika. Miganie jest rzadsze ni\u017c 5 sekund.<\/p>\n\n\n\n<p><strong>Z\u0142o\u017cone elementy graficzne<\/strong><br>Niekt\u00f3re z\u0142o\u017cone elementy graficzne nie maj\u0105 rozszerzonego opisu.<\/p>\n\n\n\n<p><strong>Tre\u015b\u0107 nietekstowa<\/strong><br>Niekt\u00f3re elementy nietekstowe (filmy, audio) nie posiadaj\u0105 swojego opisu tekstowego ani\/lub audiodeskrypcji.<\/p>\n\n\n\n<p><strong>Elementy dekoracyjne<\/strong><br>Elementy dekoracyjne nie maj\u0105 pozostawionego pustego atrybutu. Technologia, na kt\u00f3rej oparte s\u0105 strony internetowe wymusza na u\u017cytkowniku opisanie grafiki przed publikacj\u0105 tre\u015bci.<\/p>\n\n\n\n<p><strong>Powtarzaj\u0105ce si\u0119 elementy graficzne<\/strong><br>Niekt\u00f3re elementy graficzne maj\u0105 odmienne opisy tekstowe, zawsze jednak informuj\u0105ce w\u0142a\u015bciwie o tym, co znajduje si\u0119 na grafice.<\/p>\n\n\n\n<p><strong>Dokumenty<\/strong><br>Niekt\u00f3re dokumenty nie s\u0105 dost\u0119pne cyfrowo.<\/p>\n\n\n\n<p><strong>Nag\u0142\u00f3wki<\/strong><br>Nag\u0142\u00f3wki s\u0105 zdefiniowane w kodzie strony w odpowiedniej kolejno\u015bci, ale nie zawsze s\u0105 wykorzystywane przez edytuj\u0105cych stron\u0119 zgodnie z ich przeznaczeniem.<\/p>\n\n\n\n<p><strong>Sp\u00f3jno\u015b\u0107 link\u00f3w<\/strong><br>Niekt\u00f3re linki o tej samej tre\u015bci nie s\u0105 sp\u00f3jne w ca\u0142ym serwisie.<\/p>\n\n\n\n<div style=\"height:50px\" aria-hidden=\"true\" class=\"wp-block-spacer\"><\/div>\n\n\n\n<h2 class=\"wp-block-heading\"><strong>Przygotowanie deklaracji dost\u0119pno\u015bci<\/strong><\/h2>\n\n\n\n<ul class=\"wp-block-list\">\n<li><p id=\"a11y-data-sporzadzenie\">Data sporz\u0105dzenia deklaracji: <strong>2024-07-04<\/strong><\/p><\/li>\n\n\n\n<li>Data ostatniego przegl\u0105du deklaracji: <strong>2025-03-27<\/strong><\/li>\n<\/ul>\n\n\n\n<p>Deklaracj\u0119 sporz\u0105dzili\u015bmy na podstawie samooceny w oparciu o <a href=\"https:\/\/www.gov.pl\/attachment\/1a3e2bb5-6d60-4897-ac2f-07a8e91e70ed\">List\u0119 kontroln\u0105 do badania dost\u0119pno\u015bci cyfrowej strony internetowej v. 2.2 (docx, 0,12MB)<\/a>.<\/p>\n\n\n\n<p><strong>Skr\u00f3ty klawiszowe<br><\/strong>Na stronie internetowej mo\u017cna u\u017cywa\u0107 standardowych skr\u00f3t\u00f3w klawiaturowych przegl\u0105darki.<\/p>\n\n\n\n<div style=\"height:50px\" aria-hidden=\"true\" class=\"wp-block-spacer\"><\/div>\n\n\n\n<h2 class=\"wp-block-heading\" id=\"a11y-kontakt\"><strong>Informacje zwrotne i dane kontaktowe<\/strong><\/h2>\n\n\n\n<p id=\"a11y-osoba\">Wszystkie problemy z dost\u0119pno\u015bci\u0105 cyfrow\u0105 tej strony internetowej mo\u017cesz zg\u0142osi\u0107 do:<br>Marta Idkowiak, <a id=\"a11y-email\" href=\"mailto:marta.idkowiak@uwr.edu.pl\">marta.idkowiak@uwr.edu.pl<\/a>, <a href=\"tel:+48697225773\" id=\"a11y-telefon\">+48 697225773<\/a><br>Izabela Jaraszek, <a id=\"a11y-email\" href=\"mailto:izabela.jaraszek@uwr.edu.pl\">izabela.jaraszek@uwr.edu.pl<\/a>, <a href=\"tel:+48697010846\" id=\"a11y-telefon\">+48 697010846<\/a><\/p>\n\n\n\n<p>Ka\u017cdy ma prawo wyst\u0105pi\u0107 z \u017c\u0105daniem zapewnienia dost\u0119pno\u015bci cyfrowej tej strony internetowej lub jej element\u00f3w.<br><br>Zg\u0142aszaj\u0105c takie \u017c\u0105danie podaj:<br>\u2022 swoje imi\u0119 i nazwisko,<br>\u2022 swoje dane kontaktowe (np. numer telefonu, e-mail),<br>\u2022 dok\u0142adny adres strony internetowej, na kt\u00f3rej jest niedost\u0119pny cyfrowo element lub tre\u015b\u0107,<br>\u2022 opis na czym polega problem i jaki spos\u00f3b jego rozwi\u0105zania by\u0142by dla Ciebie najwygodniejszy.<\/p>\n\n\n\n<p>Na Twoje zg\u0142oszenie odpowiemy najszybciej jak to mo\u017cliwe, nie p\u00f3\u017aniej ni\u017c w ci\u0105gu 7 dni od jego otrzymania.<br>Je\u017celi ten termin b\u0119dzie dla nas zbyt kr\u00f3tki poinformujemy Ci\u0119 o tym. W tej informacji podamy nowy termin, do kt\u00f3rego poprawimy zg\u0142oszone przez Ciebie b\u0142\u0119dy lub przygotujemy informacje w alternatywny spos\u00f3b. Ten nowy termin nie b\u0119dzie d\u0142u\u017cszy ni\u017c 2 miesi\u0105ce.<br>Je\u017celi nie b\u0119dziemy w stanie zapewni\u0107 dost\u0119pno\u015bci cyfrowej strony internetowej lub tre\u015bci, wskazanej w Twoim \u017c\u0105daniu, zaproponujemy Ci dost\u0119p do nich w alternatywny spos\u00f3b.<\/p>\n\n\n\n<div style=\"height:50px\" aria-hidden=\"true\" class=\"wp-block-spacer\"><\/div>\n\n\n\n<h2 class=\"wp-block-heading\" id=\"a11y-procedura\"><strong>Obs\u0142uga wniosk\u00f3w i skarg zwi\u0105zanych z dost\u0119pno\u015bci\u0105<\/strong><\/h2>\n\n\n\n<p>Je\u017celi w odpowiedzi na Tw\u00f3j wniosek o zapewnienie dost\u0119pno\u015bci cyfrowej, odm\u00f3wimy zapewnienia \u017c\u0105danej przez Ciebie dost\u0119pno\u015bci cyfrowej, a Ty nie zgadzasz si\u0119 z t\u0105 odmow\u0105, masz prawo z\u0142o\u017cy\u0107 skarg\u0119.<br>Skarg\u0119 masz prawo z\u0142o\u017cy\u0107 tak\u017ce, je\u015bli nie zgadzasz si\u0119 na skorzystanie z alternatywnego sposobu dost\u0119pu, kt\u00f3ry zaproponowali\u015bmy Ci w odpowiedzi na Tw\u00f3j wniosek o zapewnienie dost\u0119pno\u015bci cyfrowej.<br>Ewentualn\u0105 skarg\u0119 z\u0142\u00f3\u017c listownie lub mailem do:<\/p>\n\n\n\n<p><strong>mgr Damian Mroczy\u0144ski<\/strong><br>Adres:<br>pl. Uniwersytecki 1<br>50-137 Wroc\u0142aw<br>tel. +48 71 375 23 72,<\/p>\n\n\n\n<p>email: <a href=\"mailto:damian.mroczynski@uwr.edu.pl\">damian.mroczynski@uwr.edu.pl<\/a><\/p>\n\n\n\n<p><a href=\"https:\/\/www.gov.pl\/web\/gov\/zloz-wniosek-o-zapewnienie-dostepnosci-cyfrowej-strony-internetowej-lub-aplikacji-mobilnej\">Pomocne mog\u0105 by\u0107 informacje, kt\u00f3re mo\u017cna znale\u017a\u0107 na rz\u0105dowym portalu gov.pl<\/a>.<br>Mo\u017cesz tak\u017ce poinformowa\u0107 o tej sytuacji <a href=\"https:\/\/bip.brpo.gov.pl\/\">Rzecznika Praw Obywatelskich<\/a> i poprosi\u0107 o interwencj\u0119 w Twojej sprawie.<\/p>\n\n\n\n<div style=\"height:50px\" aria-hidden=\"true\" class=\"wp-block-spacer\"><\/div>\n\n\n\n<h2 class=\"wp-block-heading\"><strong>Dost\u0119pno\u015b\u0107 komunikacyjno-informacyjna<\/strong><\/h2>\n\n\n\n<p>Informacje o Uniwersytecie Wroc\u0142awskim przygotowane w formacie \u0142atwym do czytania i rozumienia (tzw. ETR) znajduj\u0105 si\u0119 tutaj:<\/p>\n\n\n<div class=\"bs__links\">\r\n    <div class=\"bs__links__section\">\r\n        <ul class=\"bs__links__list\">\r\n                            <li class=\"bs__links__list__item\">\r\n                    <a href=\"https:\/\/uwr.edu.pl\/o-uniwersytecie-wroclawskim-tekst-latwy-do-czytania-etr\/\" class=\"bs__links__list__item__link\">\r\n                        O Uniwersytecie Wroc\u0142awskim [format \u0142atwy do czytania] \r\n                        <div class=\"bs__links__list__item__link__before__icon\">\r\n                            <div class=\"bs__links__list__item__link__icon\">\r\n                                <svg width=\"40px\" height=\"40px\" viewBox=\"0 0 22 16\" version=\"1.1\">\r\n                                <g stroke=\"none\" strokeWidth=\"1\" fill=\"black\" fillRule=\"evenodd\">\r\n                                    <g>\r\n                                    <polygon points=\"13.4875 0 12 1.6215 18.7875 8 12 14.3795 13.4875 16 21.9995 8\" \/>\r\n                                    <\/g>\r\n                                <\/g>\r\n                                <\/svg>\r\n                            <\/div>\r\n                        <\/div>\r\n                    <\/a>\r\n                <li>\r\n                    <\/ul>\r\n    <\/div>\r\n<\/div>\n\n\n<p>Informacje o Uniwersytecie Wroc\u0142awskim przygotowane w tek\u015bcie odczytywalnym maszynowo znajduj\u0105 si\u0119 tutaj:<\/p>\n\n\n<div class=\"bs__links\">\r\n    <div class=\"bs__links__section\">\r\n        <ul class=\"bs__links__list\">\r\n                            <li class=\"bs__links__list__item\">\r\n                    <a href=\"https:\/\/uwr.edu.pl\/o-uniwersytecie\/\" class=\"bs__links__list__item__link\">\r\n                        O Uniwersytecie Wroc\u0142awskim [tekst dost\u0119pny maszynowo] \r\n                        <div class=\"bs__links__list__item__link__before__icon\">\r\n                            <div class=\"bs__links__list__item__link__icon\">\r\n                                <svg width=\"40px\" height=\"40px\" viewBox=\"0 0 22 16\" version=\"1.1\">\r\n                                <g stroke=\"none\" strokeWidth=\"1\" fill=\"black\" fillRule=\"evenodd\">\r\n                                    <g>\r\n                                    <polygon points=\"13.4875 0 12 1.6215 18.7875 8 12 14.3795 13.4875 16 21.9995 8\" \/>\r\n                                    <\/g>\r\n                                <\/g>\r\n                                <\/svg>\r\n                            <\/div>\r\n                        <\/div>\r\n                    <\/a>\r\n                <li>\r\n                    <\/ul>\r\n    <\/div>\r\n<\/div>\n\n\n<p>W budynkach Uniwersytetu Wroc\u0142awskiego znajduje si\u0119<strong> 28 stanowiskowych p\u0119tli indukcyjnych.<\/strong><\/p>\n\n\n\n<div style=\"height:50px\" aria-hidden=\"true\" class=\"wp-block-spacer\"><\/div>\n\n\n\n<h2 class=\"wp-block-heading\" id=\"a11y-architektura\"><strong>Dost\u0119pno\u015b\u0107 architektoniczna<\/strong><\/h2>\n\n\n<div class=\"bs__links\">\r\n    <div class=\"bs__links__section\">\r\n        <ul class=\"bs__links__list\">\r\n                            <li class=\"bs__links__list__item\">\r\n                    <a href=\"https:\/\/uwr.edu.pl\/wp-content\/uploads\/2023\/03\/dostepnosc_architektoniczna.pdf\" class=\"bs__links__list__item__link\">\r\n                        Dost\u0119pno\u015b\u0107 architektoniczna \r\n                        <div class=\"bs__links__list__item__link__before__icon\">\r\n                            <div class=\"bs__links__list__item__link__icon\">\r\n                                <svg width=\"40px\" height=\"40px\" viewBox=\"0 0 22 16\" version=\"1.1\">\r\n                                <g stroke=\"none\" strokeWidth=\"1\" fill=\"black\" fillRule=\"evenodd\">\r\n                                    <g>\r\n                                    <polygon points=\"13.4875 0 12 1.6215 18.7875 8 12 14.3795 13.4875 16 21.9995 8\" \/>\r\n                                    <\/g>\r\n                                <\/g>\r\n                                <\/svg>\r\n                            <\/div>\r\n                        <\/div>\r\n                    <\/a>\r\n                <li>\r\n                    <\/ul>\r\n    <\/div>\r\n<\/div>","protected":false},"excerpt":{"rendered":"<p>Deklaracja dost\u0119pno\u015bci Uniwersytet Wroc\u0142awski zobowi\u0105zuje si\u0119 zapewni\u0107 dost\u0119pno\u015b\u0107 swojej strony internetowej zgodnie z przepisami ustawy z dnia 4 kwietnia 2019 r. o dost\u0119pno\u015bci cyfrowej stron internetowych i aplikacji mobilnych podmiot\u00f3w publicznych. Deklaracja dost\u0119pno\u015bci dotyczy strony internetowej https:\/\/focuse.uwr.edu.pl\/. Stan dost\u0119pno\u015bci cyfrowej Strona internetowa jest cz\u0119\u015bciowo zgodna z za\u0142\u0105cznikiem do ustawy z dnia 4 kwietnia 2019 r. [&hellip;]<\/p>\n","protected":false},"author":37,"featured_media":0,"parent":0,"menu_order":0,"comment_status":"closed","ping_status":"closed","template":"","meta":{"_acf_changed":false,"inline_featured_image":false,"site-sidebar-layout":"default","site-content-layout":"","ast-site-content-layout":"default","site-content-style":"default","site-sidebar-style":"default","ast-global-header-display":"","ast-banner-title-visibility":"","ast-main-header-display":"","ast-hfb-above-header-display":"","ast-hfb-below-header-display":"","ast-hfb-mobile-header-display":"","site-post-title":"","ast-breadcrumbs-content":"","ast-featured-img":"","footer-sml-layout":"","ast-disable-related-posts":"","theme-transparent-header-meta":"","adv-header-id-meta":"","stick-header-meta":"","header-above-stick-meta":"","header-main-stick-meta":"","header-below-stick-meta":"","astra-migrate-meta-layouts":"set","ast-page-background-enabled":"default","ast-page-background-meta":{"desktop":{"background-color":"","background-image":"","background-repeat":"repeat","background-position":"center center","background-size":"auto","background-attachment":"scroll","background-type":"","background-media":"","overlay-type":"","overlay-color":"","overlay-opacity":"","overlay-gradient":""},"tablet":{"background-color":"","background-image":"","background-repeat":"repeat","background-position":"center center","background-size":"auto","background-attachment":"scroll","background-type":"","background-media":"","overlay-type":"","overlay-color":"","overlay-opacity":"","overlay-gradient":""},"mobile":{"background-color":"","background-image":"","background-repeat":"repeat","background-position":"center center","background-size":"auto","background-attachment":"scroll","background-type":"","background-media":"","overlay-type":"","overlay-color":"","overlay-opacity":"","overlay-gradient":""}},"ast-content-background-meta":{"desktop":{"background-color":"var(--ast-global-color-5)","background-image":"","background-repeat":"repeat","background-position":"center center","background-size":"auto","background-attachment":"scroll","background-type":"","background-media":"","overlay-type":"","overlay-color":"","overlay-opacity":"","overlay-gradient":""},"tablet":{"background-color":"var(--ast-global-color-5)","background-image":"","background-repeat":"repeat","background-position":"center center","background-size":"auto","background-attachment":"scroll","background-type":"","background-media":"","overlay-type":"","overlay-color":"","overlay-opacity":"","overlay-gradient":""},"mobile":{"background-color":"var(--ast-global-color-5)","background-image":"","background-repeat":"repeat","background-position":"center center","background-size":"auto","background-attachment":"scroll","background-type":"","background-media":"","overlay-type":"","overlay-color":"","overlay-opacity":"","overlay-gradient":""}},"footnotes":""},"categories":[],"tags":[],"class_list":["post-26401","page","type-page","status-publish","hentry"],"featured_image_urls_v2":{"full":"","thumbnail":"","medium":"","medium_large":"","large":"","1536x1536":"","2048x2048":"","menu-24x24":"","menu-36x36":"","menu-48x48":""},"post_excerpt_stackable_v2":"<p>Deklaracja dost\u0119pno\u015bci Uniwersytet Wroc\u0142awski zobowi\u0105zuje si\u0119 zapewni\u0107 dost\u0119pno\u015b\u0107 swojej strony internetowej zgodnie z przepisami ustawy z dnia 4 kwietnia 2019 r. o dost\u0119pno\u015bci cyfrowej stron internetowych i aplikacji mobilnych podmiot\u00f3w publicznych. Deklaracja dost\u0119pno\u015bci dotyczy strony internetowej https:\/\/focuse.uwr.edu.pl\/. Data publikacji strony internetowej: 2024-07-04 Data ostatniej istotnej aktualizacji: 2025-03-27 Stan dost\u0119pno\u015bci cyfrowej Strona internetowa jest cz\u0119\u015bciowo zgodna z za\u0142\u0105cznikiem do ustawy z dnia 4 kwietnia 2019 r. o dost\u0119pno\u015bci cyfrowej stron internetowych i aplikacji mobilnych podmiot\u00f3w publicznych z powodu niezgodno\u015bci lub wy\u0142\u0105cze\u0144 wymienionych poni\u017cej. Niedost\u0119pne tre\u015bci Zmiana rozmiaru tekstuPrzy powi\u0119kszeniu widoku strony do 200% niekt\u00f3re tre\u015bci s\u0105 niedost\u0119pne. Strony na mniejszych urz\u0105dzeniach&hellip;<\/p>\n","category_list_v2":"Bez kategorii","author_info_v2":{"name":"Izabela Jaraszek","url":"https:\/\/focuse.uwr.edu.pl\/pl\/author\/ijaraszek\/"},"comments_num_v2":"0 comments","acf":[],"yoast_head":"<!-- This site is optimized with the Yoast SEO plugin v27.1.1 - https:\/\/yoast.com\/product\/yoast-seo-wordpress\/ -->\n<title>Deklaracja dost\u0119pno\u015bci - FOCUSE<\/title>\n<meta name=\"robots\" content=\"index, follow, max-snippet:-1, max-image-preview:large, max-video-preview:-1\" \/>\n<link rel=\"canonical\" href=\"https:\/\/focuse.uwr.edu.pl\/pl\/deklaracja-dostepnosci-2\/\" \/>\n<meta property=\"og:locale\" content=\"pl_PL\" \/>\n<meta property=\"og:type\" content=\"article\" \/>\n<meta property=\"og:title\" content=\"Deklaracja dost\u0119pno\u015bci - FOCUSE\" \/>\n<meta property=\"og:description\" content=\"Deklaracja dost\u0119pno\u015bci Uniwersytet Wroc\u0142awski zobowi\u0105zuje si\u0119 zapewni\u0107 dost\u0119pno\u015b\u0107 swojej strony internetowej zgodnie z przepisami ustawy z dnia 4 kwietnia 2019 r. o dost\u0119pno\u015bci cyfrowej stron internetowych i aplikacji mobilnych podmiot\u00f3w publicznych. Deklaracja dost\u0119pno\u015bci dotyczy strony internetowej https:\/\/focuse.uwr.edu.pl\/. Stan dost\u0119pno\u015bci cyfrowej Strona internetowa jest cz\u0119\u015bciowo zgodna z za\u0142\u0105cznikiem do ustawy z dnia 4 kwietnia 2019 r. [&hellip;]\" \/>\n<meta property=\"og:url\" content=\"https:\/\/focuse.uwr.edu.pl\/pl\/deklaracja-dostepnosci-2\/\" \/>\n<meta property=\"og:site_name\" content=\"FOCUSE\" \/>\n<meta property=\"article:modified_time\" content=\"2025-08-26T11:01:52+00:00\" \/>\n<meta name=\"twitter:card\" content=\"summary_large_image\" \/>\n<meta name=\"twitter:label1\" content=\"Szacowany czas czytania\" \/>\n\t<meta name=\"twitter:data1\" content=\"4 minuty\" \/>\n<script type=\"application\/ld+json\" class=\"yoast-schema-graph\">{\"@context\":\"https:\/\/schema.org\",\"@graph\":[{\"@type\":\"WebPage\",\"@id\":\"https:\/\/focuse.uwr.edu.pl\/pl\/deklaracja-dostepnosci-2\/\",\"url\":\"https:\/\/focuse.uwr.edu.pl\/pl\/deklaracja-dostepnosci-2\/\",\"name\":\"Deklaracja dost\u0119pno\u015bci - FOCUSE\",\"isPartOf\":{\"@id\":\"https:\/\/focuse.uwr.edu.pl\/#website\"},\"datePublished\":\"2025-08-26T10:36:29+00:00\",\"dateModified\":\"2025-08-26T11:01:52+00:00\",\"breadcrumb\":{\"@id\":\"https:\/\/focuse.uwr.edu.pl\/pl\/deklaracja-dostepnosci-2\/#breadcrumb\"},\"inLanguage\":\"pl-PL\",\"potentialAction\":[{\"@type\":\"ReadAction\",\"target\":[\"https:\/\/focuse.uwr.edu.pl\/pl\/deklaracja-dostepnosci-2\/\"]}]},{\"@type\":\"BreadcrumbList\",\"@id\":\"https:\/\/focuse.uwr.edu.pl\/pl\/deklaracja-dostepnosci-2\/#breadcrumb\",\"itemListElement\":[{\"@type\":\"ListItem\",\"position\":1,\"name\":\"Strona g\u0142\u00f3wna\",\"item\":\"https:\/\/focuse.uwr.edu.pl\/pl\/\"},{\"@type\":\"ListItem\",\"position\":2,\"name\":\"Deklaracja dost\u0119pno\u015bci\"}]},{\"@type\":\"WebSite\",\"@id\":\"https:\/\/focuse.uwr.edu.pl\/#website\",\"url\":\"https:\/\/focuse.uwr.edu.pl\/\",\"name\":\"FOCUSE\",\"description\":\"Kolejna witryna sieci \u201eUWR Witryny\u201d\",\"publisher\":{\"@id\":\"https:\/\/focuse.uwr.edu.pl\/#organization\"},\"potentialAction\":[{\"@type\":\"SearchAction\",\"target\":{\"@type\":\"EntryPoint\",\"urlTemplate\":\"https:\/\/focuse.uwr.edu.pl\/?s={search_term_string}\"},\"query-input\":{\"@type\":\"PropertyValueSpecification\",\"valueRequired\":true,\"valueName\":\"search_term_string\"}}],\"inLanguage\":\"pl-PL\"},{\"@type\":\"Organization\",\"@id\":\"https:\/\/focuse.uwr.edu.pl\/#organization\",\"name\":\"FOCUSE\",\"url\":\"https:\/\/focuse.uwr.edu.pl\/\",\"logo\":{\"@type\":\"ImageObject\",\"inLanguage\":\"pl-PL\",\"@id\":\"https:\/\/focuse.uwr.edu.pl\/#\/schema\/logo\/image\/\",\"url\":\"https:\/\/focuse.uwr.edu.pl\/wp-content\/uploads\/sites\/628\/2025\/10\/Najnowsze-logo.webp\",\"contentUrl\":\"https:\/\/focuse.uwr.edu.pl\/wp-content\/uploads\/sites\/628\/2025\/10\/Najnowsze-logo.webp\",\"width\":919,\"height\":80,\"caption\":\"FOCUSE\"},\"image\":{\"@id\":\"https:\/\/focuse.uwr.edu.pl\/#\/schema\/logo\/image\/\"}}]}<\/script>\n<!-- \/ Yoast SEO plugin. -->","yoast_head_json":{"title":"Deklaracja dost\u0119pno\u015bci - FOCUSE","robots":{"index":"index","follow":"follow","max-snippet":"max-snippet:-1","max-image-preview":"max-image-preview:large","max-video-preview":"max-video-preview:-1"},"canonical":"https:\/\/focuse.uwr.edu.pl\/pl\/deklaracja-dostepnosci-2\/","og_locale":"pl_PL","og_type":"article","og_title":"Deklaracja dost\u0119pno\u015bci - FOCUSE","og_description":"Deklaracja dost\u0119pno\u015bci Uniwersytet Wroc\u0142awski zobowi\u0105zuje si\u0119 zapewni\u0107 dost\u0119pno\u015b\u0107 swojej strony internetowej zgodnie z przepisami ustawy z dnia 4 kwietnia 2019 r. o dost\u0119pno\u015bci cyfrowej stron internetowych i aplikacji mobilnych podmiot\u00f3w publicznych. Deklaracja dost\u0119pno\u015bci dotyczy strony internetowej https:\/\/focuse.uwr.edu.pl\/. Stan dost\u0119pno\u015bci cyfrowej Strona internetowa jest cz\u0119\u015bciowo zgodna z za\u0142\u0105cznikiem do ustawy z dnia 4 kwietnia 2019 r. [&hellip;]","og_url":"https:\/\/focuse.uwr.edu.pl\/pl\/deklaracja-dostepnosci-2\/","og_site_name":"FOCUSE","article_modified_time":"2025-08-26T11:01:52+00:00","twitter_card":"summary_large_image","twitter_misc":{"Szacowany czas czytania":"4 minuty"},"schema":{"@context":"https:\/\/schema.org","@graph":[{"@type":"WebPage","@id":"https:\/\/focuse.uwr.edu.pl\/pl\/deklaracja-dostepnosci-2\/","url":"https:\/\/focuse.uwr.edu.pl\/pl\/deklaracja-dostepnosci-2\/","name":"Deklaracja dost\u0119pno\u015bci - FOCUSE","isPartOf":{"@id":"https:\/\/focuse.uwr.edu.pl\/#website"},"datePublished":"2025-08-26T10:36:29+00:00","dateModified":"2025-08-26T11:01:52+00:00","breadcrumb":{"@id":"https:\/\/focuse.uwr.edu.pl\/pl\/deklaracja-dostepnosci-2\/#breadcrumb"},"inLanguage":"pl-PL","potentialAction":[{"@type":"ReadAction","target":["https:\/\/focuse.uwr.edu.pl\/pl\/deklaracja-dostepnosci-2\/"]}]},{"@type":"BreadcrumbList","@id":"https:\/\/focuse.uwr.edu.pl\/pl\/deklaracja-dostepnosci-2\/#breadcrumb","itemListElement":[{"@type":"ListItem","position":1,"name":"Strona g\u0142\u00f3wna","item":"https:\/\/focuse.uwr.edu.pl\/pl\/"},{"@type":"ListItem","position":2,"name":"Deklaracja dost\u0119pno\u015bci"}]},{"@type":"WebSite","@id":"https:\/\/focuse.uwr.edu.pl\/#website","url":"https:\/\/focuse.uwr.edu.pl\/","name":"FOCUSE","description":"Kolejna witryna sieci \u201eUWR Witryny\u201d","publisher":{"@id":"https:\/\/focuse.uwr.edu.pl\/#organization"},"potentialAction":[{"@type":"SearchAction","target":{"@type":"EntryPoint","urlTemplate":"https:\/\/focuse.uwr.edu.pl\/?s={search_term_string}"},"query-input":{"@type":"PropertyValueSpecification","valueRequired":true,"valueName":"search_term_string"}}],"inLanguage":"pl-PL"},{"@type":"Organization","@id":"https:\/\/focuse.uwr.edu.pl\/#organization","name":"FOCUSE","url":"https:\/\/focuse.uwr.edu.pl\/","logo":{"@type":"ImageObject","inLanguage":"pl-PL","@id":"https:\/\/focuse.uwr.edu.pl\/#\/schema\/logo\/image\/","url":"https:\/\/focuse.uwr.edu.pl\/wp-content\/uploads\/sites\/628\/2025\/10\/Najnowsze-logo.webp","contentUrl":"https:\/\/focuse.uwr.edu.pl\/wp-content\/uploads\/sites\/628\/2025\/10\/Najnowsze-logo.webp","width":919,"height":80,"caption":"FOCUSE"},"image":{"@id":"https:\/\/focuse.uwr.edu.pl\/#\/schema\/logo\/image\/"}}]}},"publishpress_future_action":{"enabled":false,"date":"2026-04-12 13:46:26","action":"change-status","newStatus":"draft","terms":[],"taxonomy":"category","extraData":[]},"publishpress_future_workflow_manual_trigger":{"enabledWorkflows":[]},"_links":{"self":[{"href":"https:\/\/focuse.uwr.edu.pl\/pl\/wp-json\/wp\/v2\/pages\/26401\/"}],"collection":[{"href":"https:\/\/focuse.uwr.edu.pl\/pl\/wp-json\/wp\/v2\/pages\/"}],"about":[{"href":"https:\/\/focuse.uwr.edu.pl\/pl\/wp-json\/wp\/v2\/types\/page\/"}],"author":[{"embeddable":true,"href":"https:\/\/focuse.uwr.edu.pl\/pl\/wp-json\/wp\/v2\/users\/37\/"}],"replies":[{"embeddable":true,"href":"https:\/\/focuse.uwr.edu.pl\/pl\/wp-json\/wp\/v2\/comments\/?post=26401"}],"version-history":[{"count":5,"href":"https:\/\/focuse.uwr.edu.pl\/pl\/wp-json\/wp\/v2\/pages\/26401\/revisions\/"}],"predecessor-version":[{"id":26449,"href":"https:\/\/focuse.uwr.edu.pl\/pl\/wp-json\/wp\/v2\/pages\/26401\/revisions\/26449\/"}],"wp:attachment":[{"href":"https:\/\/focuse.uwr.edu.pl\/pl\/wp-json\/wp\/v2\/media\/?parent=26401"}],"wp:term":[{"taxonomy":"category","embeddable":true,"href":"https:\/\/focuse.uwr.edu.pl\/pl\/wp-json\/wp\/v2\/categories\/?post=26401"},{"taxonomy":"post_tag","embeddable":true,"href":"https:\/\/focuse.uwr.edu.pl\/pl\/wp-json\/wp\/v2\/tags\/?post=26401"}],"curies":[{"name":"wp","href":"https:\/\/api.w.org\/{rel}","templated":true}]}}