{"id":9,"date":"2021-04-12T11:14:16","date_gmt":"2021-04-12T09:14:16","guid":{"rendered":"http:\/\/wydzial.test.uwr.edu.pl\/?page_id=9"},"modified":"2024-11-13T12:47:28","modified_gmt":"2024-11-13T11:47:28","slug":"kontakt","status":"publish","type":"page","link":"https:\/\/focuse.uwr.edu.pl\/pl\/kontakt\/","title":{"rendered":"Kontakt"},"content":{"rendered":"\n<div class=\"alignfull wp-block-ugb-container ugb-container podstrona_sekcje ugb-12c4a27 ugb-container--v2 ugb-container--design-plain ugb-main-block\"><style>@media screen and (min-width:768px){.ugb-12c4a27.ugb-container{margin-bottom:0px !important;padding-right:0px !important;padding-bottom:50px !important;padding-left:0px !important}}@media screen and (min-width:768px){.ugb-12c4a27 > .ugb-inner-block > .ugb-block-content > *{padding-top:0px !important;padding-bottom:0px !important;padding-right:0px !important;padding-left:0px !important}}<\/style><div class=\"ugb-inner-block\"><div class=\"ugb-block-content\"><div class=\"ugb-container__wrapper ugb-12c4a27-wrapper\"><div class=\"ugb-container__side\"><div class=\"ugb-container__content-wrapper ugb-12c4a27-content-wrapper\">\n<div class=\"wp-block-media-text alignwide is-stacked-on-mobile is-vertically-aligned-top is-image-fill bs-naglowek-szablonu-kolumny\"><figure class=\"wp-block-media-text__media\" style=\"background-image:url(https:\/\/focuse.uwr.edu.pl\/wp-content\/uploads\/sites\/628\/2024\/11\/2023.02.15-Budynki-UWr-fot.-Pawel-Piotrowski-101-1024x683.jpg);background-position:50% 50%\"><img loading=\"lazy\" decoding=\"async\" width=\"1024\" height=\"683\" src=\"https:\/\/focuse.uwr.edu.pl\/wp-content\/uploads\/sites\/628\/2024\/11\/2023.02.15-Budynki-UWr-fot.-Pawel-Piotrowski-101-1024x683.jpg\" alt=\"Szermierz\" class=\"wp-image-24797 size-full\" srcset=\"https:\/\/focuse.uwr.edu.pl\/wp-content\/uploads\/sites\/628\/2024\/11\/2023.02.15-Budynki-UWr-fot.-Pawel-Piotrowski-101-1024x683.jpg 1024w, https:\/\/focuse.uwr.edu.pl\/wp-content\/uploads\/sites\/628\/2024\/11\/2023.02.15-Budynki-UWr-fot.-Pawel-Piotrowski-101-300x200.jpg 300w, https:\/\/focuse.uwr.edu.pl\/wp-content\/uploads\/sites\/628\/2024\/11\/2023.02.15-Budynki-UWr-fot.-Pawel-Piotrowski-101-768x512.jpg 768w, https:\/\/focuse.uwr.edu.pl\/wp-content\/uploads\/sites\/628\/2024\/11\/2023.02.15-Budynki-UWr-fot.-Pawel-Piotrowski-101-1536x1024.jpg 1536w, https:\/\/focuse.uwr.edu.pl\/wp-content\/uploads\/sites\/628\/2024\/11\/2023.02.15-Budynki-UWr-fot.-Pawel-Piotrowski-101-2048x1365.jpg 2048w, https:\/\/focuse.uwr.edu.pl\/wp-content\/uploads\/sites\/628\/2024\/11\/2023.02.15-Budynki-UWr-fot.-Pawel-Piotrowski-101-1320x880.jpg 1320w, https:\/\/focuse.uwr.edu.pl\/wp-content\/uploads\/sites\/628\/2024\/11\/2023.02.15-Budynki-UWr-fot.-Pawel-Piotrowski-101-24x16.jpg 24w, https:\/\/focuse.uwr.edu.pl\/wp-content\/uploads\/sites\/628\/2024\/11\/2023.02.15-Budynki-UWr-fot.-Pawel-Piotrowski-101-36x24.jpg 36w, https:\/\/focuse.uwr.edu.pl\/wp-content\/uploads\/sites\/628\/2024\/11\/2023.02.15-Budynki-UWr-fot.-Pawel-Piotrowski-101-48x32.jpg 48w\" sizes=\"auto, (max-width: 1024px) 100vw, 1024px\" \/><\/figure><div class=\"wp-block-media-text__content\">\n<div class=\"wp-block-bonasoft-modular-breadcrumbs-block\"><div class=\"bs_add_breadcrumb_trail\"><\/div><\/div>\n\n\n\n<hr class=\"wp-block-separator has-text-color has-black-color has-css-opacity has-black-background-color has-background is-style-wide bs-border-kontakt\"\/>\n\n\n<h1 style=\"font-style:normal;font-weight:700;\" class=\"bs-naglowek-podstrony wp-block-post-title\">Kontakt<\/h1>\n\n\n<div style=\"height:50px\" aria-hidden=\"true\" class=\"wp-block-spacer\"><\/div>\n\n\n\n<h3 class=\"wp-block-heading\"><strong>Dr. In\u017c. Zar\u0119ba, kierownik projektu<\/strong><br><sup>Adiunkt<\/sup><\/h3>\n\n\n\n<p><img loading=\"lazy\" decoding=\"async\" width=\"17\" height=\"19\" class=\"wp-image-23577\" style=\"width: 17px;\" src=\"https:\/\/ifr.uwr.edu.pl\/wp-content\/uploads\/sites\/246\/2022\/11\/zakladka.png\" alt=\"zak\u0142adka\" srcset=\"https:\/\/focuse.uwr.edu.pl\/wp-content\/uploads\/sites\/628\/2022\/11\/zakladka.png 169w, https:\/\/focuse.uwr.edu.pl\/wp-content\/uploads\/sites\/628\/2022\/11\/zakladka-21x24.png 21w, https:\/\/focuse.uwr.edu.pl\/wp-content\/uploads\/sites\/628\/2022\/11\/zakladka-32x36.png 32w, https:\/\/focuse.uwr.edu.pl\/wp-content\/uploads\/sites\/628\/2022\/11\/zakladka-42x48.png 42w\" sizes=\"auto, (max-width: 17px) 100vw, 17px\" \/> Instytut Geografii i Rozwoju Regionalnego<br>     Wydzia\u0142 Nauk o Ziemi i Kszta\u0142towania \u015arodowiska<br>     Uniwersytet Wroc\u0142awski, University of Wroc\u0142aw<\/p>\n\n\n\n<p><img loading=\"lazy\" decoding=\"async\" width=\"20\" height=\"20\" class=\"wp-image-23583\" style=\"width: 20px;\" src=\"https:\/\/focuse.uwr.edu.pl\/wp-content\/uploads\/sites\/628\/2022\/11\/dom.png\" alt=\"budynek\" srcset=\"https:\/\/focuse.uwr.edu.pl\/wp-content\/uploads\/sites\/628\/2022\/11\/dom.png 194w, https:\/\/focuse.uwr.edu.pl\/wp-content\/uploads\/sites\/628\/2022\/11\/dom-150x150.png 150w, https:\/\/focuse.uwr.edu.pl\/wp-content\/uploads\/sites\/628\/2022\/11\/dom-24x24.png 24w, https:\/\/focuse.uwr.edu.pl\/wp-content\/uploads\/sites\/628\/2022\/11\/dom-36x36.png 36w, https:\/\/focuse.uwr.edu.pl\/wp-content\/uploads\/sites\/628\/2022\/11\/dom-48x48.png 48w\" sizes=\"auto, (max-width: 20px) 100vw, 20px\" \/>  <strong>Adres:<\/strong> Plac Uniwersytecki 1, 50-137 Wroc\u0142aw<\/p>\n\n\n\n<p><img loading=\"lazy\" decoding=\"async\" width=\"20\" height=\"16\" class=\"wp-image-23595\" style=\"width: 20px;\" src=\"https:\/\/focuse.uwr.edu.pl\/wp-content\/uploads\/sites\/628\/2022\/11\/koperta.png\" alt=\"e-mail\" srcset=\"https:\/\/focuse.uwr.edu.pl\/wp-content\/uploads\/sites\/628\/2022\/11\/koperta.png 281w, https:\/\/focuse.uwr.edu.pl\/wp-content\/uploads\/sites\/628\/2022\/11\/koperta-24x19.png 24w, https:\/\/focuse.uwr.edu.pl\/wp-content\/uploads\/sites\/628\/2022\/11\/koperta-36x29.png 36w, https:\/\/focuse.uwr.edu.pl\/wp-content\/uploads\/sites\/628\/2022\/11\/koperta-48x38.png 48w\" sizes=\"auto, (max-width: 20px) 100vw, 20px\" \/> <strong>E-mail:<\/strong> <a href=\"mailto:anna.zareba@uwr.edu.pl\">anna.zareba@uwr.edu.pl<\/a> <\/p>\n\n\n<div class=\"bs__links\">\r\n    <div class=\"bs__links__section\">\r\n        <ul class=\"bs__links__list\">\r\n                            <li class=\"bs__links__list__item\">\r\n                    <a href=\"https:\/\/www.researchgate.net\/profile\/Anna-Zareba-2\" class=\"bs__links__list__item__link\">\r\n                        ResearchGate \r\n                        <div class=\"bs__links__list__item__link__before__icon\">\r\n                            <div class=\"bs__links__list__item__link__icon\">\r\n                                <svg width=\"40px\" height=\"40px\" viewBox=\"0 0 22 16\" version=\"1.1\">\r\n                                <g stroke=\"none\" strokeWidth=\"1\" fill=\"black\" fillRule=\"evenodd\">\r\n                                    <g>\r\n                                    <polygon points=\"13.4875 0 12 1.6215 18.7875 8 12 14.3795 13.4875 16 21.9995 8\" \/>\r\n                                    <\/g>\r\n                                <\/g>\r\n                                <\/svg>\r\n                            <\/div>\r\n                        <\/div>\r\n                    <\/a>\r\n                <li>\r\n                            <li class=\"bs__links__list__item\">\r\n                    <a href=\"https:\/\/www.scopus.com\/authid\/detail.uri?authorId=36969209200\u200b\" class=\"bs__links__list__item__link\">\r\n                        Scopus \r\n                        <div class=\"bs__links__list__item__link__before__icon\">\r\n                            <div class=\"bs__links__list__item__link__icon\">\r\n                                <svg width=\"40px\" height=\"40px\" viewBox=\"0 0 22 16\" version=\"1.1\">\r\n                                <g stroke=\"none\" strokeWidth=\"1\" fill=\"black\" fillRule=\"evenodd\">\r\n                                    <g>\r\n                                    <polygon points=\"13.4875 0 12 1.6215 18.7875 8 12 14.3795 13.4875 16 21.9995 8\" \/>\r\n                                    <\/g>\r\n                                <\/g>\r\n                                <\/svg>\r\n                            <\/div>\r\n                        <\/div>\r\n                    <\/a>\r\n                <li>\r\n                            <li class=\"bs__links__list__item\">\r\n                    <a href=\"https:\/\/www.facebook.com\/focuseprojekt\/\" class=\"bs__links__list__item__link\">\r\n                        Facebook \r\n                        <div class=\"bs__links__list__item__link__before__icon\">\r\n                            <div class=\"bs__links__list__item__link__icon\">\r\n                                <svg width=\"40px\" height=\"40px\" viewBox=\"0 0 22 16\" version=\"1.1\">\r\n                                <g stroke=\"none\" strokeWidth=\"1\" fill=\"black\" fillRule=\"evenodd\">\r\n                                    <g>\r\n                                    <polygon points=\"13.4875 0 12 1.6215 18.7875 8 12 14.3795 13.4875 16 21.9995 8\" \/>\r\n                                    <\/g>\r\n                                <\/g>\r\n                                <\/svg>\r\n                            <\/div>\r\n                        <\/div>\r\n                    <\/a>\r\n                <li>\r\n                    <\/ul>\r\n    <\/div>\r\n<\/div><\/div><\/div>\n\n\n\n<div class=\"wp-block-ugb-container ugb-container ugb-002ab8b ugb-container--v2 ugb-container--design-plain ugb-main-block\"><style>@media screen and (min-width:768px){.ugb-002ab8b.ugb-container{margin-bottom:0% !important;margin-right:6% !important;margin-left:6% !important}}@media screen and (min-width:768px){.ugb-002ab8b > .ugb-inner-block > .ugb-block-content > *{padding-top:0px !important;padding-bottom:0px !important;padding-right:0px !important;padding-left:0px !important}}<\/style><div class=\"ugb-inner-block\"><div class=\"ugb-block-content\"><div class=\"ugb-container__wrapper ugb-002ab8b-wrapper\"><div class=\"ugb-container__side\"><div class=\"ugb-container__content-wrapper ugb-002ab8b-content-wrapper\">\n<p><\/p>\n<\/div><\/div><\/div><\/div><\/div><\/div>\n\n\n\n<p><\/p>\n<\/div><\/div><\/div><\/div><\/div><\/div>\n","protected":false},"excerpt":{"rendered":"<p>Dr. In\u017c. Zar\u0119ba, kierownik projektuAdiunkt Instytut Geografii i Rozwoju Regionalnego Wydzia\u0142 Nauk o Ziemi i Kszta\u0142towania \u015arodowiska Uniwersytet Wroc\u0142awski, University of Wroc\u0142aw Adres: Plac Uniwersytecki 1, 50-137 Wroc\u0142aw E-mail: anna.zareba@uwr.edu.pl<\/p>\n","protected":false},"author":20,"featured_media":0,"parent":0,"menu_order":0,"comment_status":"closed","ping_status":"closed","template":"","meta":{"_acf_changed":false,"inline_featured_image":false,"site-sidebar-layout":"no-sidebar","site-content-layout":"page-builder","ast-site-content-layout":"full-width-container","site-content-style":"unboxed","site-sidebar-style":"unboxed","ast-global-header-display":"","ast-banner-title-visibility":"","ast-main-header-display":"disabled","ast-hfb-above-header-display":"disabled","ast-hfb-below-header-display":"","ast-hfb-mobile-header-display":"","site-post-title":"disabled","ast-breadcrumbs-content":"","ast-featured-img":"","footer-sml-layout":"","ast-disable-related-posts":"","theme-transparent-header-meta":"default","adv-header-id-meta":"","stick-header-meta":"","header-above-stick-meta":"","header-main-stick-meta":"","header-below-stick-meta":"","astra-migrate-meta-layouts":"set","ast-page-background-enabled":"default","ast-page-background-meta":{"desktop":{"background-color":"","background-image":"","background-repeat":"repeat","background-position":"center center","background-size":"auto","background-attachment":"scroll","background-type":"","background-media":"","overlay-type":"","overlay-color":"","overlay-opacity":"","overlay-gradient":""},"tablet":{"background-color":"","background-image":"","background-repeat":"repeat","background-position":"center center","background-size":"auto","background-attachment":"scroll","background-type":"","background-media":"","overlay-type":"","overlay-color":"","overlay-opacity":"","overlay-gradient":""},"mobile":{"background-color":"","background-image":"","background-repeat":"repeat","background-position":"center center","background-size":"auto","background-attachment":"scroll","background-type":"","background-media":"","overlay-type":"","overlay-color":"","overlay-opacity":"","overlay-gradient":""}},"ast-content-background-meta":{"desktop":{"background-color":"var(--ast-global-color-5)","background-image":"","background-repeat":"repeat","background-position":"center center","background-size":"auto","background-attachment":"scroll","background-type":"","background-media":"","overlay-type":"","overlay-color":"","overlay-opacity":"","overlay-gradient":""},"tablet":{"background-color":"var(--ast-global-color-5)","background-image":"","background-repeat":"repeat","background-position":"center center","background-size":"auto","background-attachment":"scroll","background-type":"","background-media":"","overlay-type":"","overlay-color":"","overlay-opacity":"","overlay-gradient":""},"mobile":{"background-color":"var(--ast-global-color-5)","background-image":"","background-repeat":"repeat","background-position":"center center","background-size":"auto","background-attachment":"scroll","background-type":"","background-media":"","overlay-type":"","overlay-color":"","overlay-opacity":"","overlay-gradient":""}},"footnotes":""},"categories":[],"tags":[],"class_list":["post-9","page","type-page","status-publish","hentry"],"featured_image_urls_v2":{"full":"","thumbnail":"","medium":"","medium_large":"","large":"","1536x1536":"","2048x2048":"","menu-24x24":"","menu-36x36":"","menu-48x48":""},"post_excerpt_stackable_v2":"<p>Kontakt Dr. In\u017c. Zar\u0119ba, kierownik projektuAdiunkt Instytut Geografii i Rozwoju Regionalnego Wydzia\u0142 Nauk o Ziemi i Kszta\u0142towania \u015arodowiska Uniwersytet Wroc\u0142awski, University of Wroc\u0142aw Adres: Plac Uniwersytecki 1, 50-137 Wroc\u0142aw E-mail: anna.zareba@uwr.edu.pl ResearchGate Scopus Facebook<\/p>\n","category_list_v2":"Bez kategorii","author_info_v2":{"name":"mmatlinski","url":"https:\/\/focuse.uwr.edu.pl\/pl\/author\/mmatlinski\/"},"comments_num_v2":"0 comments","acf":[],"yoast_head":"<!-- This site is optimized with the Yoast SEO plugin v27.1.1 - https:\/\/yoast.com\/product\/yoast-seo-wordpress\/ -->\n<title>Kontakt - FOCUSE<\/title>\n<meta name=\"robots\" content=\"index, follow, max-snippet:-1, max-image-preview:large, max-video-preview:-1\" \/>\n<link rel=\"canonical\" href=\"https:\/\/focuse.uwr.edu.pl\/pl\/kontakt\/\" \/>\n<meta property=\"og:locale\" content=\"pl_PL\" \/>\n<meta property=\"og:type\" content=\"article\" \/>\n<meta property=\"og:title\" content=\"Kontakt - FOCUSE\" \/>\n<meta property=\"og:description\" content=\"Dr. In\u017c. Zar\u0119ba, kierownik projektuAdiunkt Instytut Geografii i Rozwoju Regionalnego Wydzia\u0142 Nauk o Ziemi i Kszta\u0142towania \u015arodowiska Uniwersytet Wroc\u0142awski, University of Wroc\u0142aw Adres: Plac Uniwersytecki 1, 50-137 Wroc\u0142aw E-mail: anna.zareba@uwr.edu.pl\" \/>\n<meta property=\"og:url\" content=\"https:\/\/focuse.uwr.edu.pl\/pl\/kontakt\/\" \/>\n<meta property=\"og:site_name\" content=\"FOCUSE\" \/>\n<meta property=\"article:modified_time\" content=\"2024-11-13T11:47:28+00:00\" \/>\n<meta property=\"og:image\" content=\"https:\/\/focuse.uwr.edu.pl\/wp-content\/uploads\/sites\/628\/2024\/11\/2023.02.15-Budynki-UWr-fot.-Pawel-Piotrowski-101-scaled.jpg\" \/>\n\t<meta property=\"og:image:width\" content=\"2560\" \/>\n\t<meta property=\"og:image:height\" content=\"1707\" \/>\n\t<meta property=\"og:image:type\" content=\"image\/jpeg\" \/>\n<meta name=\"twitter:card\" content=\"summary_large_image\" \/>\n<meta name=\"twitter:label1\" content=\"Szacowany czas czytania\" \/>\n\t<meta name=\"twitter:data1\" content=\"1 minuta\" \/>\n<script type=\"application\/ld+json\" class=\"yoast-schema-graph\">{\"@context\":\"https:\/\/schema.org\",\"@graph\":[{\"@type\":\"WebPage\",\"@id\":\"https:\/\/focuse.uwr.edu.pl\/pl\/kontakt\/\",\"url\":\"https:\/\/focuse.uwr.edu.pl\/pl\/kontakt\/\",\"name\":\"Kontakt - FOCUSE\",\"isPartOf\":{\"@id\":\"https:\/\/focuse.uwr.edu.pl\/#website\"},\"primaryImageOfPage\":{\"@id\":\"https:\/\/focuse.uwr.edu.pl\/pl\/kontakt\/#primaryimage\"},\"image\":{\"@id\":\"https:\/\/focuse.uwr.edu.pl\/pl\/kontakt\/#primaryimage\"},\"thumbnailUrl\":\"https:\/\/focuse.uwr.edu.pl\/wp-content\/uploads\/sites\/628\/2024\/11\/2023.02.15-Budynki-UWr-fot.-Pawel-Piotrowski-101-1024x683.jpg\",\"datePublished\":\"2021-04-12T09:14:16+00:00\",\"dateModified\":\"2024-11-13T11:47:28+00:00\",\"breadcrumb\":{\"@id\":\"https:\/\/focuse.uwr.edu.pl\/pl\/kontakt\/#breadcrumb\"},\"inLanguage\":\"pl-PL\",\"potentialAction\":[{\"@type\":\"ReadAction\",\"target\":[\"https:\/\/focuse.uwr.edu.pl\/pl\/kontakt\/\"]}]},{\"@type\":\"ImageObject\",\"inLanguage\":\"pl-PL\",\"@id\":\"https:\/\/focuse.uwr.edu.pl\/pl\/kontakt\/#primaryimage\",\"url\":\"https:\/\/focuse.uwr.edu.pl\/wp-content\/uploads\/sites\/628\/2024\/11\/2023.02.15-Budynki-UWr-fot.-Pawel-Piotrowski-101-1024x683.jpg\",\"contentUrl\":\"https:\/\/focuse.uwr.edu.pl\/wp-content\/uploads\/sites\/628\/2024\/11\/2023.02.15-Budynki-UWr-fot.-Pawel-Piotrowski-101-1024x683.jpg\"},{\"@type\":\"BreadcrumbList\",\"@id\":\"https:\/\/focuse.uwr.edu.pl\/pl\/kontakt\/#breadcrumb\",\"itemListElement\":[{\"@type\":\"ListItem\",\"position\":1,\"name\":\"Strona g\u0142\u00f3wna\",\"item\":\"https:\/\/focuse.uwr.edu.pl\/pl\/\"},{\"@type\":\"ListItem\",\"position\":2,\"name\":\"Kontakt\"}]},{\"@type\":\"WebSite\",\"@id\":\"https:\/\/focuse.uwr.edu.pl\/#website\",\"url\":\"https:\/\/focuse.uwr.edu.pl\/\",\"name\":\"FOCUSE\",\"description\":\"Kolejna witryna sieci \u201eUWR Witryny\u201d\",\"publisher\":{\"@id\":\"https:\/\/focuse.uwr.edu.pl\/#organization\"},\"potentialAction\":[{\"@type\":\"SearchAction\",\"target\":{\"@type\":\"EntryPoint\",\"urlTemplate\":\"https:\/\/focuse.uwr.edu.pl\/?s={search_term_string}\"},\"query-input\":{\"@type\":\"PropertyValueSpecification\",\"valueRequired\":true,\"valueName\":\"search_term_string\"}}],\"inLanguage\":\"pl-PL\"},{\"@type\":\"Organization\",\"@id\":\"https:\/\/focuse.uwr.edu.pl\/#organization\",\"name\":\"FOCUSE\",\"url\":\"https:\/\/focuse.uwr.edu.pl\/\",\"logo\":{\"@type\":\"ImageObject\",\"inLanguage\":\"pl-PL\",\"@id\":\"https:\/\/focuse.uwr.edu.pl\/#\/schema\/logo\/image\/\",\"url\":\"https:\/\/focuse.uwr.edu.pl\/wp-content\/uploads\/sites\/628\/2025\/10\/Najnowsze-logo.webp\",\"contentUrl\":\"https:\/\/focuse.uwr.edu.pl\/wp-content\/uploads\/sites\/628\/2025\/10\/Najnowsze-logo.webp\",\"width\":919,\"height\":80,\"caption\":\"FOCUSE\"},\"image\":{\"@id\":\"https:\/\/focuse.uwr.edu.pl\/#\/schema\/logo\/image\/\"}}]}<\/script>\n<!-- \/ Yoast SEO plugin. -->","yoast_head_json":{"title":"Kontakt - FOCUSE","robots":{"index":"index","follow":"follow","max-snippet":"max-snippet:-1","max-image-preview":"max-image-preview:large","max-video-preview":"max-video-preview:-1"},"canonical":"https:\/\/focuse.uwr.edu.pl\/pl\/kontakt\/","og_locale":"pl_PL","og_type":"article","og_title":"Kontakt - FOCUSE","og_description":"Dr. In\u017c. Zar\u0119ba, kierownik projektuAdiunkt Instytut Geografii i Rozwoju Regionalnego Wydzia\u0142 Nauk o Ziemi i Kszta\u0142towania \u015arodowiska Uniwersytet Wroc\u0142awski, University of Wroc\u0142aw Adres: Plac Uniwersytecki 1, 50-137 Wroc\u0142aw E-mail: anna.zareba@uwr.edu.pl","og_url":"https:\/\/focuse.uwr.edu.pl\/pl\/kontakt\/","og_site_name":"FOCUSE","article_modified_time":"2024-11-13T11:47:28+00:00","og_image":[{"width":2560,"height":1707,"url":"https:\/\/focuse.uwr.edu.pl\/wp-content\/uploads\/sites\/628\/2024\/11\/2023.02.15-Budynki-UWr-fot.-Pawel-Piotrowski-101-scaled.jpg","type":"image\/jpeg"}],"twitter_card":"summary_large_image","twitter_misc":{"Szacowany czas czytania":"1 minuta"},"schema":{"@context":"https:\/\/schema.org","@graph":[{"@type":"WebPage","@id":"https:\/\/focuse.uwr.edu.pl\/pl\/kontakt\/","url":"https:\/\/focuse.uwr.edu.pl\/pl\/kontakt\/","name":"Kontakt - FOCUSE","isPartOf":{"@id":"https:\/\/focuse.uwr.edu.pl\/#website"},"primaryImageOfPage":{"@id":"https:\/\/focuse.uwr.edu.pl\/pl\/kontakt\/#primaryimage"},"image":{"@id":"https:\/\/focuse.uwr.edu.pl\/pl\/kontakt\/#primaryimage"},"thumbnailUrl":"https:\/\/focuse.uwr.edu.pl\/wp-content\/uploads\/sites\/628\/2024\/11\/2023.02.15-Budynki-UWr-fot.-Pawel-Piotrowski-101-1024x683.jpg","datePublished":"2021-04-12T09:14:16+00:00","dateModified":"2024-11-13T11:47:28+00:00","breadcrumb":{"@id":"https:\/\/focuse.uwr.edu.pl\/pl\/kontakt\/#breadcrumb"},"inLanguage":"pl-PL","potentialAction":[{"@type":"ReadAction","target":["https:\/\/focuse.uwr.edu.pl\/pl\/kontakt\/"]}]},{"@type":"ImageObject","inLanguage":"pl-PL","@id":"https:\/\/focuse.uwr.edu.pl\/pl\/kontakt\/#primaryimage","url":"https:\/\/focuse.uwr.edu.pl\/wp-content\/uploads\/sites\/628\/2024\/11\/2023.02.15-Budynki-UWr-fot.-Pawel-Piotrowski-101-1024x683.jpg","contentUrl":"https:\/\/focuse.uwr.edu.pl\/wp-content\/uploads\/sites\/628\/2024\/11\/2023.02.15-Budynki-UWr-fot.-Pawel-Piotrowski-101-1024x683.jpg"},{"@type":"BreadcrumbList","@id":"https:\/\/focuse.uwr.edu.pl\/pl\/kontakt\/#breadcrumb","itemListElement":[{"@type":"ListItem","position":1,"name":"Strona g\u0142\u00f3wna","item":"https:\/\/focuse.uwr.edu.pl\/pl\/"},{"@type":"ListItem","position":2,"name":"Kontakt"}]},{"@type":"WebSite","@id":"https:\/\/focuse.uwr.edu.pl\/#website","url":"https:\/\/focuse.uwr.edu.pl\/","name":"FOCUSE","description":"Kolejna witryna sieci \u201eUWR Witryny\u201d","publisher":{"@id":"https:\/\/focuse.uwr.edu.pl\/#organization"},"potentialAction":[{"@type":"SearchAction","target":{"@type":"EntryPoint","urlTemplate":"https:\/\/focuse.uwr.edu.pl\/?s={search_term_string}"},"query-input":{"@type":"PropertyValueSpecification","valueRequired":true,"valueName":"search_term_string"}}],"inLanguage":"pl-PL"},{"@type":"Organization","@id":"https:\/\/focuse.uwr.edu.pl\/#organization","name":"FOCUSE","url":"https:\/\/focuse.uwr.edu.pl\/","logo":{"@type":"ImageObject","inLanguage":"pl-PL","@id":"https:\/\/focuse.uwr.edu.pl\/#\/schema\/logo\/image\/","url":"https:\/\/focuse.uwr.edu.pl\/wp-content\/uploads\/sites\/628\/2025\/10\/Najnowsze-logo.webp","contentUrl":"https:\/\/focuse.uwr.edu.pl\/wp-content\/uploads\/sites\/628\/2025\/10\/Najnowsze-logo.webp","width":919,"height":80,"caption":"FOCUSE"},"image":{"@id":"https:\/\/focuse.uwr.edu.pl\/#\/schema\/logo\/image\/"}}]}},"publishpress_future_action":{"enabled":false,"date":"2026-04-12 13:45:18","action":"change-status","newStatus":"draft","terms":[],"taxonomy":"category","extraData":[]},"publishpress_future_workflow_manual_trigger":{"enabledWorkflows":[]},"_links":{"self":[{"href":"https:\/\/focuse.uwr.edu.pl\/pl\/wp-json\/wp\/v2\/pages\/9\/"}],"collection":[{"href":"https:\/\/focuse.uwr.edu.pl\/pl\/wp-json\/wp\/v2\/pages\/"}],"about":[{"href":"https:\/\/focuse.uwr.edu.pl\/pl\/wp-json\/wp\/v2\/types\/page\/"}],"author":[{"embeddable":true,"href":"https:\/\/focuse.uwr.edu.pl\/pl\/wp-json\/wp\/v2\/users\/20\/"}],"replies":[{"embeddable":true,"href":"https:\/\/focuse.uwr.edu.pl\/pl\/wp-json\/wp\/v2\/comments\/?post=9"}],"version-history":[{"count":5,"href":"https:\/\/focuse.uwr.edu.pl\/pl\/wp-json\/wp\/v2\/pages\/9\/revisions\/"}],"predecessor-version":[{"id":25241,"href":"https:\/\/focuse.uwr.edu.pl\/pl\/wp-json\/wp\/v2\/pages\/9\/revisions\/25241\/"}],"wp:attachment":[{"href":"https:\/\/focuse.uwr.edu.pl\/pl\/wp-json\/wp\/v2\/media\/?parent=9"}],"wp:term":[{"taxonomy":"category","embeddable":true,"href":"https:\/\/focuse.uwr.edu.pl\/pl\/wp-json\/wp\/v2\/categories\/?post=9"},{"taxonomy":"post_tag","embeddable":true,"href":"https:\/\/focuse.uwr.edu.pl\/pl\/wp-json\/wp\/v2\/tags\/?post=9"}],"curies":[{"name":"wp","href":"https:\/\/api.w.org\/{rel}","templated":true}]}}